{"id":105,"date":"2021-11-22T18:52:48","date_gmt":"2021-11-22T17:52:48","guid":{"rendered":"https:\/\/atep-france.fr\/fr\/?page_id=105"},"modified":"2025-04-28T18:07:25","modified_gmt":"2025-04-28T16:07:25","slug":"sections-thematiques","status":"publish","type":"page","link":"https:\/\/atep-france.fr\/fr\/sections-thematiques\/","title":{"rendered":"Sections th\u00e9matiques"},"content":{"rendered":"<p>Les entreprises membres de l\u2019ATEP sont regroup\u00e9es autour des 5 Sections Th\u00e9matiques suivantes\u00a0:<\/p>\n<p><img loading=\"lazy\" decoding=\"async\" class=\"aligncenter size-large wp-image-1986\" src=\"https:\/\/atep-france.fr\/fr\/wp-content\/uploads\/2025\/04\/sections-thematiques-1024x162.jpg\" alt=\"Sections th\u00e9matiques\" width=\"1024\" height=\"162\" srcset=\"https:\/\/atep-france.fr\/fr\/wp-content\/uploads\/2025\/04\/sections-thematiques-1024x162.jpg 1024w, https:\/\/atep-france.fr\/fr\/wp-content\/uploads\/2025\/04\/sections-thematiques-300x48.jpg 300w, https:\/\/atep-france.fr\/fr\/wp-content\/uploads\/2025\/04\/sections-thematiques-768x122.jpg 768w, https:\/\/atep-france.fr\/fr\/wp-content\/uploads\/2025\/04\/sections-thematiques-1536x244.jpg 1536w, https:\/\/atep-france.fr\/fr\/wp-content\/uploads\/2025\/04\/sections-thematiques.jpg 1639w\" sizes=\"auto, (max-width: 1024px) 100vw, 1024px\" \/><\/p>\n<p>Les Sections Th\u00e9matiques sont les seules instances op\u00e9rationnelles de l\u2019ATEP.<\/p>\n<p>Chaque section th\u00e9matique est anim\u00e9e par le D\u00e9l\u00e9gu\u00e9 g\u00e9n\u00e9ral et un Vice-pr\u00e9sident sectoriel.<\/p>\n<p>Les Sections Th\u00e9matiques se r\u00e9unissent autant que n\u00e9cessaire physiquement ou au travers de webinars de fa\u00e7on pl\u00e9ni\u00e8re ou en groupes de travail restreints.<\/p>\n<p>Deux cellules transversales d\u2019adh\u00e9rents volontaires assurent la veille et la proposition d\u2019actions et de contributions aupr\u00e8s des Sections Th\u00e9matiques sur les sujets :<\/p>\n<ul>\n<li>R\u00e9glementaires &amp; normatives,<\/li>\n<li>Economiques &amp; sociales,<\/li>\n<\/ul>\n<p>Le D\u00e9l\u00e9gu\u00e9 g\u00e9n\u00e9ral et les Vice-pr\u00e9sidents sectoriels sont les portes paroles des diff\u00e9rents m\u00e9tiers du Syndicat, ils sont \u00e9galement des contacts privil\u00e9gi\u00e9s pour les entreprises qui souhaitent rejoindre le Syndicat.<\/p>\n","protected":false},"excerpt":{"rendered":"<p>Les entreprises membres de l\u2019ATEP sont regroup\u00e9es autour des 5 Sections Th\u00e9matiques suivantes\u00a0: Les Sections Th\u00e9matiques sont les seules instances op\u00e9rationnelles de l\u2019ATEP. Chaque section th\u00e9matique est anim\u00e9e par le D\u00e9l\u00e9gu\u00e9 g\u00e9n\u00e9ral et un Vice-pr\u00e9sident sectoriel. Les Sections Th\u00e9matiques se r\u00e9unissent autant que n\u00e9cessaire physiquement ou au travers de webinars de fa\u00e7on pl\u00e9ni\u00e8re ou en&hellip; <br \/> <a class=\"read-more\" href=\"https:\/\/atep-france.fr\/fr\/sections-thematiques\/\">Lire la suite<\/a><\/p>\n","protected":false},"author":1,"featured_media":0,"parent":0,"menu_order":0,"comment_status":"closed","ping_status":"closed","template":"page-templates\/page-with-right-sidebar.php","meta":{"footnotes":""},"class_list":["post-105","page","type-page","status-publish","hentry"],"jetpack_sharing_enabled":true,"_links":{"self":[{"href":"https:\/\/atep-france.fr\/fr\/wp-json\/wp\/v2\/pages\/105","targetHints":{"allow":["GET"]}}],"collection":[{"href":"https:\/\/atep-france.fr\/fr\/wp-json\/wp\/v2\/pages"}],"about":[{"href":"https:\/\/atep-france.fr\/fr\/wp-json\/wp\/v2\/types\/page"}],"author":[{"embeddable":true,"href":"https:\/\/atep-france.fr\/fr\/wp-json\/wp\/v2\/users\/1"}],"replies":[{"embeddable":true,"href":"https:\/\/atep-france.fr\/fr\/wp-json\/wp\/v2\/comments?post=105"}],"version-history":[{"count":4,"href":"https:\/\/atep-france.fr\/fr\/wp-json\/wp\/v2\/pages\/105\/revisions"}],"predecessor-version":[{"id":1988,"href":"https:\/\/atep-france.fr\/fr\/wp-json\/wp\/v2\/pages\/105\/revisions\/1988"}],"wp:attachment":[{"href":"https:\/\/atep-france.fr\/fr\/wp-json\/wp\/v2\/media?parent=105"}],"curies":[{"name":"wp","href":"https:\/\/api.w.org\/{rel}","templated":true}]}}