{"id":109,"date":"2025-04-28T18:00:30","date_gmt":"2025-04-28T16:00:30","guid":{"rendered":"https:\/\/atep-france.fr\/fr\/?page_id=109"},"modified":"2025-04-28T18:03:58","modified_gmt":"2025-04-28T16:03:58","slug":"conseil-administration-2025-2027","status":"publish","type":"page","link":"https:\/\/atep-france.fr\/fr\/conseil-administration-2025-2027\/","title":{"rendered":"Conseil d\u2019Administration 2025-2027"},"content":{"rendered":"<p>&nbsp;<\/p>\n<table width=\"100%\">\n<tbody>\n<tr>\n<td width=\"53%\">Pr\u00e9sident<\/td>\n<td width=\"46%\"><strong>Marc SENGELIN<\/strong> (RIKUTEC)<\/td>\n<\/tr>\n<tr>\n<td width=\"53%\">Vice-pr\u00e9sident<\/td>\n<td width=\"46%\"><strong>Pierre BEMELMANS<\/strong> (Eloy)<\/td>\n<\/tr>\n<tr>\n<td width=\"53%\">Tr\u00e9sorier<\/td>\n<td width=\"46%\"><strong>Martin WERCKMANN<\/strong> (AQUATIRIS)<\/td>\n<\/tr>\n<tr>\n<td width=\"53%\">Administrateur<\/td>\n<td width=\"46%\"><strong>S\u00e9bastien ATLAN<\/strong> (KINGSPAN)<\/td>\n<\/tr>\n<tr>\n<td width=\"53%\">Administrateur<\/td>\n<td width=\"46%\"><strong>G\u00e9rald BAUDRY<\/strong> (SIMOP)<\/td>\n<\/tr>\n<tr>\n<td width=\"53%\">Administrateur<\/td>\n<td width=\"46%\"><strong>Simon CIBOIS <\/strong>(Tricel)<\/td>\n<\/tr>\n<tr>\n<td width=\"53%\">Administrateur<\/td>\n<td width=\"46%\"><strong>J\u00e9r\u00e9mie GRZESIAK <\/strong>(BIONEST)<\/td>\n<\/tr>\n<tr>\n<td width=\"53%\">Administrateur<\/td>\n<td width=\"46%\"><strong>Gael KERAMPRAN <\/strong>(Th\u00e9bault)<\/td>\n<\/tr>\n<tr>\n<td width=\"53%\">Administrateur<\/td>\n<td width=\"46%\"><strong>Antoine THONNELLIER <\/strong>(Polieco)<\/td>\n<\/tr>\n<tr>\n<td width=\"53%\">Vice-Pr\u00e9sident Sectoriel \u00ab Assainissement Autonome &amp; s\u00e9paration \u00e0 la source \u00bb<\/td>\n<td width=\"46%\"><strong>Jean-Fran\u00e7ois VANHECKE<\/strong> (ELOY WATER)<\/td>\n<\/tr>\n<tr>\n<td width=\"53%\">Vice-Pr\u00e9sident Sectoriel \u00ab Eaux pluviales \u00bb<\/td>\n<td width=\"46%\"><strong>C\u00e9dric FONTAINE<\/strong> (FONTAINE INGENIERIE)<\/td>\n<\/tr>\n<tr>\n<td width=\"53%\">Vice-Pr\u00e9sident Sectoriel \u00ab Valorisation des eaux non conventionnelles \u00bb<\/td>\n<td width=\"46%\"><strong>Fabrice SOCHA <\/strong>(OASIIS)<\/td>\n<\/tr>\n<tr>\n<td width=\"53%\">Vice-Pr\u00e9sident Sectoriel \u00ab\u00a0Entretien, maintenance &amp; tra\u00e7abilit\u00e9\u00a0\u00bb<\/td>\n<td width=\"46%\"><strong>Jacques OLES <\/strong>(GIE GVA)<\/td>\n<\/tr>\n<tr>\n<td width=\"53%\">Vice-pr\u00e9sident sectoriel <span style=\"font-family: inherit; font-size: inherit; background-color: transparent;\">\u00ab\u00a0M\u00e9tiers\u00a0\u00bb<\/span><\/td>\n<td width=\"46%\"><strong>Gildas GUILLOUX <\/strong>(Rain\u00e9a)<\/td>\n<\/tr>\n<tr>\n<td width=\"53%\">R\u00e9f\u00e9rent <span style=\"font-family: inherit; font-size: inherit; background-color: transparent;\">\u00ab\u00a0Affaires r\u00e9glementaires &amp; normatives\u00a0\u00bb\u00a0<\/span><\/td>\n<td width=\"46%\"><strong>Mirko REINBERG <\/strong>(Kingspan)<\/td>\n<\/tr>\n<tr>\n<td width=\"53%\">R\u00e9f\u00e9rent <span style=\"font-family: inherit; font-size: inherit; background-color: transparent;\">\u00ab Affaires \u00e9conomiques &amp; sociales \u00bb\u00a0<\/span><\/td>\n<td width=\"46%\"><strong>J\u00e9r\u00e9mie GRZESIAK <\/strong>(Bionest)<\/td>\n<\/tr>\n<tr>\n<td width=\"53%\">D\u00e9l\u00e9gu\u00e9 g\u00e9n\u00e9ral\u00a0(voix consultative)<\/td>\n<td width=\"46%\"><strong>J\u00e9r\u00e9mie STEININGER<\/strong> (ATEP)<\/td>\n<\/tr>\n<\/tbody>\n<\/table>\n<p>&nbsp;<\/p>\n<p>&nbsp;<\/p>\n","protected":false},"excerpt":{"rendered":"<p>&nbsp; Pr\u00e9sident Marc SENGELIN (RIKUTEC) Vice-pr\u00e9sident Pierre BEMELMANS (Eloy) Tr\u00e9sorier Martin WERCKMANN (AQUATIRIS) Administrateur S\u00e9bastien ATLAN (KINGSPAN) Administrateur G\u00e9rald BAUDRY (SIMOP) Administrateur Simon CIBOIS (Tricel) Administrateur J\u00e9r\u00e9mie GRZESIAK (BIONEST) Administrateur Gael KERAMPRAN (Th\u00e9bault) Administrateur Antoine THONNELLIER (Polieco) Vice-Pr\u00e9sident Sectoriel \u00ab Assainissement Autonome &amp; s\u00e9paration \u00e0 la source \u00bb Jean-Fran\u00e7ois VANHECKE (ELOY WATER) Vice-Pr\u00e9sident Sectoriel \u00ab&hellip; <br \/> <a class=\"read-more\" href=\"https:\/\/atep-france.fr\/fr\/conseil-administration-2025-2027\/\">Lire la suite<\/a><\/p>\n","protected":false},"author":1,"featured_media":0,"parent":0,"menu_order":0,"comment_status":"closed","ping_status":"closed","template":"page-templates\/page-with-right-sidebar.php","meta":{"footnotes":""},"class_list":["post-109","page","type-page","status-publish","hentry"],"jetpack_sharing_enabled":true,"_links":{"self":[{"href":"https:\/\/atep-france.fr\/fr\/wp-json\/wp\/v2\/pages\/109","targetHints":{"allow":["GET"]}}],"collection":[{"href":"https:\/\/atep-france.fr\/fr\/wp-json\/wp\/v2\/pages"}],"about":[{"href":"https:\/\/atep-france.fr\/fr\/wp-json\/wp\/v2\/types\/page"}],"author":[{"embeddable":true,"href":"https:\/\/atep-france.fr\/fr\/wp-json\/wp\/v2\/users\/1"}],"replies":[{"embeddable":true,"href":"https:\/\/atep-france.fr\/fr\/wp-json\/wp\/v2\/comments?post=109"}],"version-history":[{"count":4,"href":"https:\/\/atep-france.fr\/fr\/wp-json\/wp\/v2\/pages\/109\/revisions"}],"predecessor-version":[{"id":1985,"href":"https:\/\/atep-france.fr\/fr\/wp-json\/wp\/v2\/pages\/109\/revisions\/1985"}],"wp:attachment":[{"href":"https:\/\/atep-france.fr\/fr\/wp-json\/wp\/v2\/media?parent=109"}],"curies":[{"name":"wp","href":"https:\/\/api.w.org\/{rel}","templated":true}]}}