{"id":2,"date":"2021-11-16T16:18:12","date_gmt":"2021-11-16T15:18:12","guid":{"rendered":"https:\/\/atep-france.fr\/fr\/?page_id=2"},"modified":"2021-11-22T18:19:32","modified_gmt":"2021-11-22T17:19:32","slug":"atep-qui-sommes-nous","status":"publish","type":"page","link":"https:\/\/atep-france.fr\/fr\/atep-qui-sommes-nous\/","title":{"rendered":"Qui sommes-nous ?"},"content":{"rendered":"\r\n<p style=\"text-align: justify;\">Souvent et uniquement consid\u00e9r\u00e9es comme une pollution, une nuisance, ou une contrainte, les eaux us\u00e9es domestiques, pluviales ou eau de pluie constituent en r\u00e9alit\u00e9 un gisement de ressources. G\u00e9rer ces eaux \u00e0 la source, de fa\u00e7on autonome, c\u2019est chercher le plus en amont possible leurs valorisations avec ou sans traitement.<\/p>\r\n\r\n\r\n\r\n<p style=\"text-align: justify;\">En effet des techniques nouvelles de valorisation \u00e9mergent et sont compl\u00e9mentaires de l\u2019assainissement non collectif (ANC), c\u2019est-\u00e0-dire du traitement des eaux us\u00e9es domestiques sur la parcelle.<\/p>\r\n\r\n\r\n\r\n<p style=\"text-align: justify;\">Il faut penser et faire \u00e9voluer l\u2019ensemble de ces techniques (s\u00e9paration, traitement, valorisation) dans un cadre commun\u00a0:\u00a0<strong>LA GESTION DES EAUX DE LA PARCELLE.<\/strong><\/p>\r\n\r\n\r\n\r\n<p style=\"text-align: justify;\">Ces \u00e9volutions sont port\u00e9es par la transition \u00e9cologique et au besoin d\u2019\u00e9conomie circulaire pour r\u00e9pondre aux pr\u00e9occupations du changement climatique (baisse de la ressource), de la \u00ab\u00a0criticit\u00e9\u00a0\u00bb du phosphore comme mati\u00e8re premi\u00e8re depuis 2014 et de la remise en question de l\u2019extension sans fin des infrastructures d\u2019assainissement collectif qui suit l\u2019urbanisation.<\/p>\r\n\r\n\r\n\r\n<p style=\"text-align: justify;\">Il s\u2019agit de repenser le mod\u00e8le des services de l\u2019eau avec comme fil conducteur\u00a0<strong>\u00ab\u00a0FAIRE D\u2019UNE CONTRAINTE UNE OPPORTUNITE\u00a0\u00bb <\/strong>en prenant exemple sur la gestion des d\u00e9chets m\u00e9nagers avec la notion de tri en vue d\u2019un recyclage.<\/p>\r\n\r\n\r\n\r\n<p style=\"text-align: justify;\">Les conclusions du 2<sup>nd<\/sup> volet des assises de l\u2019eau confirme cette tendance avec un objectif de\u00a0tripler les volumes d\u2019eaux non conventionnelles\u00a0(eaux us\u00e9es trait\u00e9es, eaux de pluie, eaux d\u2019exhaure et eaux grises)\u00a0r\u00e9utilis\u00e9es d\u2019ici 2025 en facilitant leurs usages.<\/p>\r\n<hr \/>\r\n\r\n\r\n<p style=\"text-align: justify;\"><strong>ATEP rassemble les fabricants, les entreprises de services et leurs partenaires<\/strong> afin de contribuer \u00e0 l\u2019essor de la valorisation des eaux de la parcelle autour de\u00a0:<\/p>\r\n\r\n\r\n\r\n<ul class=\"wp-block-list\" style=\"text-align: justify;\">\r\n<li><strong>L\u2019assainissement non collectif (ou autonome) avec un objectif de valorisation des eaux us\u00e9es trait\u00e9s,<\/strong><\/li>\r\n<li><strong>La r\u00e9cup\u00e9ration, le stockage et le traitement des eaux de pluie,<\/strong><\/li>\r\n<li><strong>La valorisation des eaux non conventionnelles (eaux us\u00e9es trait\u00e9es, eaux grises, eau de pluie).<\/strong><\/li>\r\n<\/ul>\r\n<hr \/>\r\n\r\n\r\n<p style=\"text-align: justify;\">Ceci pour inscrire la gestion des eaux de la parcelle dans une d\u00e9marche globale, initi\u00e9 depuis des d\u00e9cennies par l\u2019\u00e9volution de la r\u00e9glementation thermique pour r\u00e9pondre avec ambition aux enjeux environnementaux pour tous les b\u00e2timents neufs, qu\u2019ils soient \u00e0 usage d\u2019habitation ou \u00e0 usage tertiaire.<\/p>\r\n\r\n\r\n\r\n<p style=\"text-align: justify;\">Aujourd\u2019hui, les\u00a0b\u00e2timents \u00e0 \u00e9nergie positive\u00a0(parfois abr\u00e9g\u00e9s en \u00ab\u00a0BEPOS\u00a0\u00bb) sont des b\u00e2timents qui produisent plus d\u2019\u00e9nergie (\u00e9lectricit\u00e9, chaleur) qu\u2019ils n\u2019en consomment pour leurs usages.<\/p>\r\n\r\n\r\n\r\n<p style=\"text-align: justify;\">\u00c9galement, la Loi relative \u00e0 la transition \u00e9nerg\u00e9tique pour la croissance verte, adopt\u00e9e en ao\u00fbt 2015, qui g\u00e9n\u00e9ralise \u00e9galement le\u00a0tri des d\u00e9chets\u00a0pour tous.<\/p>\r\n\r\n\r\n\r\n<p style=\"text-align: justify;\">Concept de tri \u00e0 la source d\u00e9clin\u00e9 de plus en plus au travers d\u2019initiatives de collectivit\u00e9s territoriales pour une gestion alternative des d\u00e9chets au travers de l\u2019approche \u00ab\u00a0z\u00e9ro d\u00e9chet\u00a0\u00bb.<\/p>\r\n","protected":false},"excerpt":{"rendered":"<p>Souvent et uniquement consid\u00e9r\u00e9es comme une pollution, une nuisance, ou une contrainte, les eaux us\u00e9es domestiques, pluviales ou eau de pluie constituent en r\u00e9alit\u00e9 un gisement de ressources. G\u00e9rer ces eaux \u00e0 la source, de fa\u00e7on autonome, c\u2019est chercher le plus en amont possible leurs valorisations avec ou sans traitement. En effet des techniques nouvelles&hellip; <br \/> <a class=\"read-more\" href=\"https:\/\/atep-france.fr\/fr\/atep-qui-sommes-nous\/\">Lire la suite<\/a><\/p>\n","protected":false},"author":1,"featured_media":0,"parent":0,"menu_order":0,"comment_status":"closed","ping_status":"closed","template":"page-templates\/page-with-right-sidebar.php","meta":{"footnotes":""},"class_list":["post-2","page","type-page","status-publish","hentry"],"jetpack_sharing_enabled":true,"_links":{"self":[{"href":"https:\/\/atep-france.fr\/fr\/wp-json\/wp\/v2\/pages\/2","targetHints":{"allow":["GET"]}}],"collection":[{"href":"https:\/\/atep-france.fr\/fr\/wp-json\/wp\/v2\/pages"}],"about":[{"href":"https:\/\/atep-france.fr\/fr\/wp-json\/wp\/v2\/types\/page"}],"author":[{"embeddable":true,"href":"https:\/\/atep-france.fr\/fr\/wp-json\/wp\/v2\/users\/1"}],"replies":[{"embeddable":true,"href":"https:\/\/atep-france.fr\/fr\/wp-json\/wp\/v2\/comments?post=2"}],"version-history":[{"count":5,"href":"https:\/\/atep-france.fr\/fr\/wp-json\/wp\/v2\/pages\/2\/revisions"}],"predecessor-version":[{"id":58,"href":"https:\/\/atep-france.fr\/fr\/wp-json\/wp\/v2\/pages\/2\/revisions\/58"}],"wp:attachment":[{"href":"https:\/\/atep-france.fr\/fr\/wp-json\/wp\/v2\/media?parent=2"}],"curies":[{"name":"wp","href":"https:\/\/api.w.org\/{rel}","templated":true}]}}