{"id":408,"date":"2021-12-14T15:56:36","date_gmt":"2021-12-14T14:56:36","guid":{"rendered":"https:\/\/atep-france.fr\/fr\/?page_id=408"},"modified":"2022-10-25T17:12:15","modified_gmt":"2022-10-25T15:12:15","slug":"assainissement-non-collectif-et-separation-a-la-source","status":"publish","type":"page","link":"https:\/\/atep-france.fr\/fr\/assainissement-non-collectif-et-separation-a-la-source\/","title":{"rendered":"ASSAINISSEMENT NON COLLECTIF ET SEPARATION A LA SOURCE"},"content":{"rendered":"<p>\u00ab\u00a0L\u2019assainissement non collectif a pour objet l\u2019\u00e9vacuation et le traitement des eaux us\u00e9es. Les eaux us\u00e9es d\u00e9signent les eaux vannes (l\u2019eau provenant des WC) et les eaux grises (l\u2019eau provenant du lavabo, de la cuisine, du lave-linge\u2026).<\/p>\n<p>Elles ne peuvent pas \u00eatre rejet\u00e9es dans la nature, car elles sont nocives pour l\u2019environnement. Elles doivent donc au pr\u00e9alable \u00eatre trait\u00e9es pour pr\u00e9venir les risques de pollution.<\/p>\n<p>Les zones d\u2019assainissement collectif et non collectif de votre commune sont d\u00e9limit\u00e9es dans le zonage d\u2019assainissement que vous pouvez consulter en mairie.<\/p>\n<p>Dans chaque commune ou groupement de communes, il existe un service public d\u2019assainissement. Il s\u2019agit du SPAC pour l\u2019assainissement collectif et du SPANC pour le non collectif.<\/p>\n<p>Il assure des missions obligatoires de contr\u00f4le et des prestations facultatives d\u2019entretien, de vidange ou de travaux.<\/p>\n<p>Quel que soit le mode d\u2019assainissement, collectif ou autonome, ce service contr\u00f4le la conformit\u00e9 des installations et des raccordements.<\/p>\n<p>Un r\u00e8glement du service public d\u2019assainissement d\u00e9finit les prestations assur\u00e9es par le service et les obligations de l\u2019exploitant, des usagers et des propri\u00e9taires. Il est remis \u00e0 chaque usager.<\/p>\n<p>La redevance d\u2019assainissement non collectif correspond \u00e0 un service rendu \u00e0 l\u2019usager qui ne paye que ce qui le concerne.<\/p>\n<p>La redevance comprend les frais des missions de contr\u00f4le du SPANC et les \u00e9ventuels frais d\u2019entretien de l\u2019installation qui sont tarif\u00e9s selon la nature de la prestation.\u00a0\u00bb<\/p>\n","protected":false},"excerpt":{"rendered":"<p>\u00ab\u00a0L\u2019assainissement non collectif a pour objet l\u2019\u00e9vacuation et le traitement des eaux us\u00e9es. Les eaux us\u00e9es d\u00e9signent les eaux vannes (l\u2019eau provenant des WC) et les eaux grises (l\u2019eau provenant du lavabo, de la cuisine, du lave-linge\u2026). Elles ne peuvent pas \u00eatre rejet\u00e9es dans la nature, car elles sont nocives pour l\u2019environnement. Elles doivent donc&hellip; <br \/> <a class=\"read-more\" href=\"https:\/\/atep-france.fr\/fr\/assainissement-non-collectif-et-separation-a-la-source\/\">Lire la suite<\/a><\/p>\n","protected":false},"author":1,"featured_media":0,"parent":0,"menu_order":0,"comment_status":"closed","ping_status":"closed","template":"page-templates\/page-with-right-sidebar.php","meta":{"footnotes":""},"class_list":["post-408","page","type-page","status-publish","hentry"],"jetpack_sharing_enabled":true,"_links":{"self":[{"href":"https:\/\/atep-france.fr\/fr\/wp-json\/wp\/v2\/pages\/408","targetHints":{"allow":["GET"]}}],"collection":[{"href":"https:\/\/atep-france.fr\/fr\/wp-json\/wp\/v2\/pages"}],"about":[{"href":"https:\/\/atep-france.fr\/fr\/wp-json\/wp\/v2\/types\/page"}],"author":[{"embeddable":true,"href":"https:\/\/atep-france.fr\/fr\/wp-json\/wp\/v2\/users\/1"}],"replies":[{"embeddable":true,"href":"https:\/\/atep-france.fr\/fr\/wp-json\/wp\/v2\/comments?post=408"}],"version-history":[{"count":3,"href":"https:\/\/atep-france.fr\/fr\/wp-json\/wp\/v2\/pages\/408\/revisions"}],"predecessor-version":[{"id":816,"href":"https:\/\/atep-france.fr\/fr\/wp-json\/wp\/v2\/pages\/408\/revisions\/816"}],"wp:attachment":[{"href":"https:\/\/atep-france.fr\/fr\/wp-json\/wp\/v2\/media?parent=408"}],"curies":[{"name":"wp","href":"https:\/\/api.w.org\/{rel}","templated":true}]}}