{"id":410,"date":"2021-12-14T15:58:30","date_gmt":"2021-12-14T14:58:30","guid":{"rendered":"https:\/\/atep-france.fr\/fr\/?page_id=410"},"modified":"2022-10-25T17:23:58","modified_gmt":"2022-10-25T15:23:58","slug":"synthese-reglementaire-et-normative","status":"publish","type":"page","link":"https:\/\/atep-france.fr\/fr\/assainissement-non-collectif-et-separation-a-la-source\/synthese-reglementaire-et-normative\/","title":{"rendered":"SYNTHESE REGLEMENTAIRE ET NORMATIVE"},"content":{"rendered":"<h4 style=\"text-align: justify;\"><strong>Les principaux textes\u00a0:<\/strong><\/h4>\n<ul style=\"text-align: justify;\">\n<li><a name=\"_Toc86510524\"><\/a> Loi n\u00b02006-1772 du 30 d\u00e9cembre 2006 sur l\u2019eau et les milieux aquatiques,<\/li>\n<li><a name=\"_Toc86510525\"><\/a> Arr\u00eat\u00e9 du 7 septembre 2009, modifi\u00e9 par l\u2019arr\u00eat\u00e9 du 3 d\u00e9cembre 2010, d\u00e9finissant les modalit\u00e9s d\u2019agr\u00e9ment des personnes r\u00e9alisant les vidanges et prenant en charge le transport et l\u2019\u00e9limination des mati\u00e8res extraites des installations d\u2019assainissement non collectif,<\/li>\n<li><a name=\"_Toc86510526\"><\/a> Arr\u00eat\u00e9 du 7 septembre 2009, modifi\u00e9 par les arr\u00eat\u00e9s du 7 mars 2012 et 26 f\u00e9vrier 2021, fixant les prescriptions techniques applicables aux installations d\u2019assainissement non collectif de moins de 20 EH,<\/li>\n<li><a name=\"_Toc86510527\"><\/a> Arr\u00eat\u00e9 du 27 avril 2021 relatif aux modalit\u00e9s de l\u2019ex\u00e9cution de la mission de contr\u00f4le des installations d\u2019assainissement non collectif,<\/li>\n<li><a name=\"_Toc86510528\"><\/a> Arr\u00eat\u00e9 du 21 juillet 2015 relatif aux syst\u00e8mes d\u2019assainissement collectif et aux installations d\u2019assainissement non collectif recevant une charge brute de pollution organique inf\u00e9rieur ou \u00e9gale \u00e0 1,2 kg\/j de DBO5,<\/li>\n<li><a name=\"_Toc86510529\"><\/a> NF P16-006 (Ao\u00fbt 2016)\u00a0: Installations d\u2019assainissement non collectif \u2013 Conception,<\/li>\n<li><a name=\"_Toc86510530\"><\/a> NF DTU 61.1 P1-1 (Ao\u00fbt 2013)\u00a0: Dispositifs d\u2019assainissement non collectif (dit autonome) pour les maisons d\u2019habitation individuelle jusqu\u2019\u00e0 20 pi\u00e8ces principales \u2014 Partie 1 1 : Cahier des clauses techniques types,<\/li>\n<li><a name=\"_Toc86510531\"><\/a> NF DTU 64.1 P2 (Aout 2013) : Dispositifs d\u2019assainissement non collectif (dit autonome) pour les maisons d\u2019habitation individuelle jusqu\u2019\u00e0 20 pi\u00e8ces principales \u2014 Partie 1-2 : Crit\u00e8res g\u00e9n\u00e9raux de choix des mat\u00e9riaux,<\/li>\n<li><a name=\"_Toc86510532\"><\/a> NF DTU 64.1 P2 (Ao\u00fbt 2013) : Dispositifs d\u2019assainissement non collectif (dit autonome) pour les maisons d\u2019habitation individuelle jusqu\u2019\u00e0 20 pi\u00e8ces principales \u2014 Partie 2 : Cahier des clauses administratives sp\u00e9ciales types,<\/li>\n<li><a name=\"_Toc86510533\"><\/a> FD P 16-007 (\u00e0 para\u00eetre en 2018) : Installation d\u2019assainissement non collectif \u2013 Infiltration des eaux us\u00e9es trait\u00e9es,<\/li>\n<li><a name=\"_Toc86510534\"><\/a> AC P16-635 (octobre 2011) : R\u00e9f\u00e9rentiel de Diagnostic des installations d\u2019Assainissement Non Collectif (ANC),<\/li>\n<li><a name=\"_Toc86510535\"><\/a> NF P 16-008 (Janvier 2016) : Installations d\u2019assainissement non collectif \u2014 Entretien.<\/li>\n<li><a name=\"_Toc86510536\"><\/a> S\u00e9rie NF EN 12566 : Petites installations de traitement des eaux us\u00e9es jusqu\u2019\u00e0 50 PTE.<\/li>\n<\/ul>\n<p style=\"text-align: justify;\"><u>Proc\u00e9dure d\u2019agr\u00e9ment transf\u00e9r\u00e9e aux organismes notifi\u00e9s (1<sup>er<\/sup> mars 2021, loi ASAP)<\/u><\/p>\n<p style=\"text-align: justify;\">A compter du 1<sup>er<\/sup> mars 2021 et conform\u00e9ment \u00e0 l\u2019article 33 de la loi n\u00b02020-1525 du 7 d\u00e9cembre 2020 d\u2019acc\u00e9l\u00e9ration et de simplification de l\u2019action publique (dite loi ASAP), les agr\u00e9ments des dispositifs de traitement ne seront plus d\u00e9livr\u00e9s par les minist\u00e8res en charge de la sant\u00e9 et de l\u2019environnement mais par les organismes notifi\u00e9s comp\u00e9tents dans le domaine des produits d\u2019assainissement et d\u00e9sign\u00e9s par arr\u00eat\u00e9 des ministres charg\u00e9s de l\u2019environnement et de la sant\u00e9, \u00e0 savoir le CERIB et le CSTB.<\/p>\n<p style=\"text-align: justify;\">En cons\u00e9quence, les avis d\u2019agr\u00e9ments ne seront plus publi\u00e9s au Journal Officiel mais directement sur ce portail de l\u2019assainissement non collectif.<\/p>\n<p style=\"text-align: justify;\">Les avis d\u2019agr\u00e9ment gardent le m\u00eame format que les avis au JORF et comprendront une annexe technique pr\u00e9sentant les caract\u00e9ristiques du dispositif de traitement agr\u00e9\u00e9. Ainsi, cette mesure ne pr\u00e9sente pas d\u2019impact sur l\u2019activit\u00e9 des services publics d\u2019assainissement non collectif (SPANC) qui pourront continuer \u00e0 r\u00e9aliser leurs activit\u00e9s de contr\u00f4le en s\u2019appuyant sur les avis d\u2019agr\u00e9ment.<\/p>\n<p style=\"text-align: justify;\"><u>Contr\u00f4le des dispositifs d\u2019assainissement non collectif : obligation d\u2019information du notaire (22 ao\u00fbt 2021, Loi Climat et R\u00e9silience)<\/u><\/p>\n<p style=\"text-align: justify;\">La loi n\u00b02021-1104 du 22 ao\u00fbt 2021 portant lutte contre le d\u00e9r\u00e8glement climatique et renforcement de la r\u00e9silience face \u00e0 ses effets impose aux notaires d\u2019informer l\u2019autorit\u00e9 comp\u00e9tente en mati\u00e8re d\u2019assainissement non collectif de la date de la vente, ainsi que de l\u2019ensemble des informations n\u00e9cessaires \u00e0 l\u2019identification du bien vendu ainsi que les nom et adresse de l\u2019acqu\u00e9reur de ce bien, au plus tard un mois apr\u00e8s la signature de l\u2019acte authentique de vente d\u2019un immeuble \u00e0 usage d\u2019habitation dot\u00e9 d\u2019un dispositif d\u2019assainissement non collectif.<\/p>\n<p style=\"text-align: justify;\">Ce texte s\u2019applique depuis le 25 ao\u00fbt 2021.<\/p>\n<p style=\"text-align: justify;\">Le 3<sup>\u00e8me<\/sup> alin\u00e9a de l\u2019article L. 1331-11-1 du code de la sant\u00e9 publique dispose d\u00e9sormais\u00a0: <em>\u00ab\u00a0Au plus tard un mois apr\u00e8s la signature de l\u2019acte authentique de vente de tout ou partie d\u2019un immeuble, le notaire r\u00e9dacteur adresse \u00e0 titre de simple information par tous moyens, y compris par voie d\u00e9mat\u00e9rialis\u00e9e, \u00e0 l\u2019autorit\u00e9 comp\u00e9tente en mati\u00e8re d\u2019assainissement \u00e9mettrice du document mentionn\u00e9 au 8\u00b0 du I de l\u2019article L.271-4 du m\u00eame code une attestation contenant la date de la vente, les informations n\u00e9cessaires \u00e0 l\u2019identification du bien vendu ainsi que les nom et adresse de l\u2019acqu\u00e9reur de ce bien\u00a0\u00bb.<\/em><\/p>\n","protected":false},"excerpt":{"rendered":"<p>Les principaux textes\u00a0: Loi n\u00b02006-1772 du 30 d\u00e9cembre 2006 sur l\u2019eau et les milieux aquatiques, Arr\u00eat\u00e9 du 7 septembre 2009, modifi\u00e9 par l\u2019arr\u00eat\u00e9 du 3 d\u00e9cembre 2010, d\u00e9finissant les modalit\u00e9s d\u2019agr\u00e9ment des personnes r\u00e9alisant les vidanges et prenant en charge le transport et l\u2019\u00e9limination des mati\u00e8res extraites des installations d\u2019assainissement non collectif, Arr\u00eat\u00e9 du 7&hellip; <br \/> <a class=\"read-more\" href=\"https:\/\/atep-france.fr\/fr\/assainissement-non-collectif-et-separation-a-la-source\/synthese-reglementaire-et-normative\/\">Lire la suite<\/a><\/p>\n","protected":false},"author":1,"featured_media":0,"parent":408,"menu_order":0,"comment_status":"closed","ping_status":"closed","template":"page-templates\/page-with-right-sidebar.php","meta":{"footnotes":""},"class_list":["post-410","page","type-page","status-publish","hentry"],"jetpack_sharing_enabled":true,"_links":{"self":[{"href":"https:\/\/atep-france.fr\/fr\/wp-json\/wp\/v2\/pages\/410","targetHints":{"allow":["GET"]}}],"collection":[{"href":"https:\/\/atep-france.fr\/fr\/wp-json\/wp\/v2\/pages"}],"about":[{"href":"https:\/\/atep-france.fr\/fr\/wp-json\/wp\/v2\/types\/page"}],"author":[{"embeddable":true,"href":"https:\/\/atep-france.fr\/fr\/wp-json\/wp\/v2\/users\/1"}],"replies":[{"embeddable":true,"href":"https:\/\/atep-france.fr\/fr\/wp-json\/wp\/v2\/comments?post=410"}],"version-history":[{"count":3,"href":"https:\/\/atep-france.fr\/fr\/wp-json\/wp\/v2\/pages\/410\/revisions"}],"predecessor-version":[{"id":823,"href":"https:\/\/atep-france.fr\/fr\/wp-json\/wp\/v2\/pages\/410\/revisions\/823"}],"up":[{"embeddable":true,"href":"https:\/\/atep-france.fr\/fr\/wp-json\/wp\/v2\/pages\/408"}],"wp:attachment":[{"href":"https:\/\/atep-france.fr\/fr\/wp-json\/wp\/v2\/media?parent=410"}],"curies":[{"name":"wp","href":"https:\/\/api.w.org\/{rel}","templated":true}]}}