{"id":420,"date":"2021-12-14T16:05:49","date_gmt":"2021-12-14T15:05:49","guid":{"rendered":"https:\/\/atep-france.fr\/fr\/?page_id=420"},"modified":"2022-10-25T17:18:42","modified_gmt":"2022-10-25T15:18:42","slug":"gestion-des-eaux-pluviales-eaux-de-pluie","status":"publish","type":"page","link":"https:\/\/atep-france.fr\/fr\/gestion-des-eaux-pluviales-eaux-de-pluie\/","title":{"rendered":"GESTION DES EAUX PLUVIALES\/EAUX DE PLUIE"},"content":{"rendered":"<blockquote><p>\u00ab\u00a0Il y a plusieurs raisons de g\u00e9rer l\u2019eau de pluie \u00e0 la parcelle : diminuer les risques d\u2019inondation et cesser de d\u00e9grader les milieux naturels, lutter contre le changement climatique, apporter bien \u00eatre et sant\u00e9, pr\u00e9server et p\u00e9renniser la ressource en eau, faire des \u00e9conomies.<\/p><\/blockquote>\n<p>&nbsp;<\/p>\n<p><strong>DIMINUER LES RISQUES D\u2019INONDATION ET CESSER DE D\u00c9GRADER LES MILIEUX NATURELS<\/strong><\/p>\n<p>Les pluies intenses sont la principale source d\u2019inondations.<\/p>\n<p>Les pluies ruissellent sur d\u2019importantes surfaces avant de saturer les r\u00e9seaux ou les points bas des villes. G\u00e9rer l\u2019eau \u00e0 la parcelle permet de d\u00e9multiplier les zones d\u2019infiltration et de stockage afin de soulager les r\u00e9seaux principaux. L\u2019effet est encore plus important lors de la pr\u00e9sence de r\u00e9seaux unitaires en limitant l\u2019effet \u00ab lessivage \u00bb des eaux de pluie dans les stations d\u2019\u00e9puration.<\/p>\n<p>&nbsp;<\/p>\n<p><strong>LUTTER CONTRE LE CHANGEMENT CLIMATIQUE, APPORTER BIEN \u00caTRE ET SANT\u00c9<\/strong><\/p>\n<p>La gestion de l\u2019eau de pluie \u00e0 la parcelle via des solutions fond\u00e9es sur la nature permet des avantages associ\u00e9s. Parmi eux, la pr\u00e9servation de la biodiversit\u00e9 et la cr\u00e9ation d\u2019\u00eelot de fraicheur par l\u2019\u00e9vapotranspiration des v\u00e9g\u00e9taux.<\/p>\n<p>&nbsp;<\/p>\n<p><strong>PR\u00c9SERVER ET P\u00c9RENNISER LA RESSOURCE EN EAU<\/strong><\/p>\n<p>L\u2019eau est devenue une ressource rare et pr\u00e9cieuse. La valoriser pour des usages non alimentaires et non corporels ou \u00e0 d\u00e9faut l\u2019infiltrer pour nourrir les v\u00e9g\u00e9taux et recharger les nappes est du bon sens. L\u2019eau est une ressource non un d\u00e9chet. Pr\u00e9servons-la.<\/p>\n<p>&nbsp;<\/p>\n<p><strong>FAIRE DES \u00c9CONOMIES<\/strong><\/p>\n<p>La gestion des eaux \u00e0 la parcelle permet d\u2019importantes \u00e9conomies d\u2019infrastructures publiques. Dans le cas de r\u00e9seaux unitaires, elle permet de r\u00e9duire les volumes \u00e0 traiter et favorise le bon fonctionnement de la station d\u2019\u00e9puration.<\/p>\n<p>Enfin, l\u2019eau de pluie est gratuite, la valoriser permet une r\u00e9duction de sa facture d\u2019eau. La r\u00e9alisation et l\u2019entretien des solutions de gestion \u00e0 la source des eaux pluviales co\u00fbtent dans la grande majorit\u00e9 des cas beaucoup moins cher que les r\u00e9seaux de collecte et de traitement communautaires.<\/p>\n","protected":false},"excerpt":{"rendered":"<p>\u00ab\u00a0Il y a plusieurs raisons de g\u00e9rer l\u2019eau de pluie \u00e0 la parcelle : diminuer les risques d\u2019inondation et cesser de d\u00e9grader les milieux naturels, lutter contre le changement climatique, apporter bien \u00eatre et sant\u00e9, pr\u00e9server et p\u00e9renniser la ressource en eau, faire des \u00e9conomies. &nbsp; DIMINUER LES RISQUES D\u2019INONDATION ET CESSER DE D\u00c9GRADER LES&hellip; <br \/> <a class=\"read-more\" href=\"https:\/\/atep-france.fr\/fr\/gestion-des-eaux-pluviales-eaux-de-pluie\/\">Lire la suite<\/a><\/p>\n","protected":false},"author":1,"featured_media":0,"parent":0,"menu_order":0,"comment_status":"closed","ping_status":"closed","template":"page-templates\/page-with-right-sidebar.php","meta":{"footnotes":""},"class_list":["post-420","page","type-page","status-publish","hentry"],"jetpack_sharing_enabled":true,"_links":{"self":[{"href":"https:\/\/atep-france.fr\/fr\/wp-json\/wp\/v2\/pages\/420","targetHints":{"allow":["GET"]}}],"collection":[{"href":"https:\/\/atep-france.fr\/fr\/wp-json\/wp\/v2\/pages"}],"about":[{"href":"https:\/\/atep-france.fr\/fr\/wp-json\/wp\/v2\/types\/page"}],"author":[{"embeddable":true,"href":"https:\/\/atep-france.fr\/fr\/wp-json\/wp\/v2\/users\/1"}],"replies":[{"embeddable":true,"href":"https:\/\/atep-france.fr\/fr\/wp-json\/wp\/v2\/comments?post=420"}],"version-history":[{"count":3,"href":"https:\/\/atep-france.fr\/fr\/wp-json\/wp\/v2\/pages\/420\/revisions"}],"predecessor-version":[{"id":818,"href":"https:\/\/atep-france.fr\/fr\/wp-json\/wp\/v2\/pages\/420\/revisions\/818"}],"wp:attachment":[{"href":"https:\/\/atep-france.fr\/fr\/wp-json\/wp\/v2\/media?parent=420"}],"curies":[{"name":"wp","href":"https:\/\/api.w.org\/{rel}","templated":true}]}}