{"id":422,"date":"2021-12-14T16:07:48","date_gmt":"2021-12-14T15:07:48","guid":{"rendered":"https:\/\/atep-france.fr\/fr\/?page_id=422"},"modified":"2022-10-25T17:24:13","modified_gmt":"2022-10-25T15:24:13","slug":"synthese-reglementaire-et-normative","status":"publish","type":"page","link":"https:\/\/atep-france.fr\/fr\/gestion-des-eaux-pluviales-eaux-de-pluie\/synthese-reglementaire-et-normative\/","title":{"rendered":"SYNTHESE REGLEMENTAIRE ET NORMATIVE"},"content":{"rendered":"<h4 style=\"text-align: justify;\"><strong>Les principaux textes\u00a0:<\/strong><\/h4>\n<ul style=\"text-align: justify;\">\n<li><a name=\"_Toc86510545\"><\/a> Loi n\u00b02006-1772 du 30 d\u00e9cembre 2006 sur l\u2019eau et les milieux aquatiques,<\/li>\n<li><a name=\"_Toc86510546\"><\/a> Arr\u00eat\u00e9 du 21 ao\u00fbt 2008 relatif \u00e0 la r\u00e9cup\u00e9ration des eaux de pluie et \u00e0 leur usage \u00e0 l\u2019int\u00e9rieur et \u00e0 l\u2019ext\u00e9rieur des b\u00e2timents,<\/li>\n<li><a name=\"_Toc86510547\"><\/a> Arr\u00eat\u00e9 du 17 d\u00e9cembre 2008 relatif au contr\u00f4le des installations privatives de distribution d\u2019eau potable, des ouvrages de pr\u00e9l\u00e8vement, puits et forages et des ouvrages de r\u00e9cup\u00e9ration des eaux de pluie,<\/li>\n<li><a name=\"_Toc86510548\"><\/a> NF EN 16941-1 \u00ab\u00a0R\u00e9seaux d\u2019eau non potable sur site \u2013 Partie 1\u00a0: syst\u00e8mes pour l\u2019utilisation de l\u2019eau de pluie\u00a0\u00bb \u2013 Janvier 2018,<\/li>\n<li><a name=\"_Toc86510549\"><\/a> Guide \u00ab L\u2019int\u00e9r\u00eat de l\u2019utilisation de l\u2019eau de pluie dans la ma\u00eetrise du ruissellement urbain \u00bb (ISBN : 978-2-37180-237-7) \u2013 CEREMA \u2013 Mai 2018,<\/li>\n<li><a name=\"_Toc86510550\"><\/a> Fascicule n\u00b070-II du CCTG Travaux de g\u00e9nie civil \u00ab Ouvrages de recueil, de stockage, et de restitution des eaux pluviales \u00bb &#8211; Septembre 2019,<\/li>\n<li><a name=\"_Toc86510551\"><\/a> Loi n\u00b0 2020-105 du 10 f\u00e9vrier 2020 relative \u00e0 la lutte contre le gaspillage et \u00e0 l&rsquo;\u00e9conomie circulaire,<\/li>\n<li>D\u00e9cret n\u00b0 2021-807 du 24 juin 2021 relatif \u00e0 la promotion d&rsquo;une utilisation efficace, \u00e9conome et durable de la ressource en eau, en application de l&rsquo;article L. 211-1 du code de l&rsquo;environnement.<\/li>\n<\/ul>\n<p style=\"text-align: justify;\"><a name=\"_Toc86510553\"><\/a><u>La nouvelle R\u00e9glementation Environnementale 2020 et son Label\u00a0:<\/u><\/p>\n<ul>\n<li style=\"text-align: justify;\"><a name=\"_Toc86510554\"><\/a> Valoriser les nouvelles pratiques de gestion de l\u2019eau dans le b\u00e2timent (utilisation d\u2019eaux non conventionnelles, s\u00e9paration \u00e0 la source), tout en pr\u00e9servant la s\u00e9curit\u00e9 sanitaire des occupants<\/li>\n<li style=\"text-align: justify;\"><a name=\"_Toc86510555\"><\/a> Valoriser l\u2019utilisation d\u2019eaux non conventionnelles telles que les eaux de pluie et les eaux grises, pour des usages int\u00e9rieurs et\/ou ext\u00e9rieurs qui ne n\u00e9cessiteraient pas une qualit\u00e9 eau potable<\/li>\n<li style=\"text-align: justify;\"><a name=\"_Toc86510556\"><\/a> D\u2019autres textes ne sont plus en application aujourd\u2019hui concernant le cr\u00e9dit d\u2019imp\u00f4ts et la taxe pour la gestion des eaux pluviales urbaines. Plusieurs projets de lois ont \u00e9galement \u00e9t\u00e9 port\u00e9s pour promouvoir et rendre obligatoire la pratique.<\/li>\n<\/ul>\n","protected":false},"excerpt":{"rendered":"<p>Les principaux textes\u00a0: Loi n\u00b02006-1772 du 30 d\u00e9cembre 2006 sur l\u2019eau et les milieux aquatiques, Arr\u00eat\u00e9 du 21 ao\u00fbt 2008 relatif \u00e0 la r\u00e9cup\u00e9ration des eaux de pluie et \u00e0 leur usage \u00e0 l\u2019int\u00e9rieur et \u00e0 l\u2019ext\u00e9rieur des b\u00e2timents, Arr\u00eat\u00e9 du 17 d\u00e9cembre 2008 relatif au contr\u00f4le des installations privatives de distribution d\u2019eau potable, des&hellip; <br \/> <a class=\"read-more\" href=\"https:\/\/atep-france.fr\/fr\/gestion-des-eaux-pluviales-eaux-de-pluie\/synthese-reglementaire-et-normative\/\">Lire la suite<\/a><\/p>\n","protected":false},"author":1,"featured_media":0,"parent":420,"menu_order":0,"comment_status":"closed","ping_status":"closed","template":"page-templates\/page-with-right-sidebar.php","meta":{"footnotes":""},"class_list":["post-422","page","type-page","status-publish","hentry"],"jetpack_sharing_enabled":true,"_links":{"self":[{"href":"https:\/\/atep-france.fr\/fr\/wp-json\/wp\/v2\/pages\/422","targetHints":{"allow":["GET"]}}],"collection":[{"href":"https:\/\/atep-france.fr\/fr\/wp-json\/wp\/v2\/pages"}],"about":[{"href":"https:\/\/atep-france.fr\/fr\/wp-json\/wp\/v2\/types\/page"}],"author":[{"embeddable":true,"href":"https:\/\/atep-france.fr\/fr\/wp-json\/wp\/v2\/users\/1"}],"replies":[{"embeddable":true,"href":"https:\/\/atep-france.fr\/fr\/wp-json\/wp\/v2\/comments?post=422"}],"version-history":[{"count":3,"href":"https:\/\/atep-france.fr\/fr\/wp-json\/wp\/v2\/pages\/422\/revisions"}],"predecessor-version":[{"id":824,"href":"https:\/\/atep-france.fr\/fr\/wp-json\/wp\/v2\/pages\/422\/revisions\/824"}],"up":[{"embeddable":true,"href":"https:\/\/atep-france.fr\/fr\/wp-json\/wp\/v2\/pages\/420"}],"wp:attachment":[{"href":"https:\/\/atep-france.fr\/fr\/wp-json\/wp\/v2\/media?parent=422"}],"curies":[{"name":"wp","href":"https:\/\/api.w.org\/{rel}","templated":true}]}}