{"id":524,"date":"2021-12-21T15:21:51","date_gmt":"2021-12-21T14:21:51","guid":{"rendered":"https:\/\/atep-france.fr\/fr\/?page_id=524"},"modified":"2021-12-21T15:21:51","modified_gmt":"2021-12-21T14:21:51","slug":"afnor","status":"publish","type":"page","link":"https:\/\/atep-france.fr\/fr\/partenariats-actions\/afnor\/","title":{"rendered":"AFNOR"},"content":{"rendered":"<p style=\"text-align: justify;\">L\u2019ATEP et ses adh\u00e9rents participent activement aux travaux de normalisation europ\u00e9enne et fran\u00e7aise.<\/p>\n<p style=\"text-align: justify;\">La commission P16E \u00ab\u00a0Assainissement\u00a0\u00bb concerne les produits, r\u00e9seaux et traitement des eaux us\u00e9es.<\/p>\n<p style=\"text-align: justify;\">Elle couvre le fonctionnement, les performances et la mise en \u0153uvre des syst\u00e8mes, des r\u00e9seaux et des \u00e9l\u00e9ments dans le domaine de la technique des eaux r\u00e9siduaires.<\/p>\n<p style=\"text-align: justify;\">La commission de normalisation assure le suivi des travaux du CEN\/TC 165 \u00ab\u00a0Techniques des eaux r\u00e9siduaires\u00a0\u00bb. Ces travaux se font dans le cadre des mandats europ\u00e9ens M\/118 Produits d&rsquo;assainissement et M\/131 Tuyaux, r\u00e9servoirs et accessoires de tuyauterie non en contact avec l&rsquo;eau destin\u00e9e \u00e0 la consommation humaine. La commission P16E \u00e9labore \u00e9galement des documents normatifs nationaux.<\/p>\n<p style=\"text-align: justify;\">Pour plus d\u2019information\u00a0: <a href=\"https:\/\/www.afnor.org\/\" target=\"_blank\" rel=\"noopener\">https:\/\/www.afnor.org\/<\/a> et <a href=\"https:\/\/www.cencenelec.eu\/\" target=\"_blank\" rel=\"noopener\">https:\/\/www.cencenelec.eu\/<\/a><\/p>\n","protected":false},"excerpt":{"rendered":"<p>L\u2019ATEP et ses adh\u00e9rents participent activement aux travaux de normalisation europ\u00e9enne et fran\u00e7aise. La commission P16E \u00ab\u00a0Assainissement\u00a0\u00bb concerne les produits, r\u00e9seaux et traitement des eaux us\u00e9es. Elle couvre le fonctionnement, les performances et la mise en \u0153uvre des syst\u00e8mes, des r\u00e9seaux et des \u00e9l\u00e9ments dans le domaine de la technique des eaux r\u00e9siduaires. La commission&hellip; <br \/> <a class=\"read-more\" href=\"https:\/\/atep-france.fr\/fr\/partenariats-actions\/afnor\/\">Lire la suite<\/a><\/p>\n","protected":false},"author":1,"featured_media":0,"parent":71,"menu_order":0,"comment_status":"closed","ping_status":"closed","template":"page-templates\/page-with-right-sidebar.php","meta":{"footnotes":""},"class_list":["post-524","page","type-page","status-publish","hentry"],"jetpack_sharing_enabled":true,"_links":{"self":[{"href":"https:\/\/atep-france.fr\/fr\/wp-json\/wp\/v2\/pages\/524","targetHints":{"allow":["GET"]}}],"collection":[{"href":"https:\/\/atep-france.fr\/fr\/wp-json\/wp\/v2\/pages"}],"about":[{"href":"https:\/\/atep-france.fr\/fr\/wp-json\/wp\/v2\/types\/page"}],"author":[{"embeddable":true,"href":"https:\/\/atep-france.fr\/fr\/wp-json\/wp\/v2\/users\/1"}],"replies":[{"embeddable":true,"href":"https:\/\/atep-france.fr\/fr\/wp-json\/wp\/v2\/comments?post=524"}],"version-history":[{"count":1,"href":"https:\/\/atep-france.fr\/fr\/wp-json\/wp\/v2\/pages\/524\/revisions"}],"predecessor-version":[{"id":526,"href":"https:\/\/atep-france.fr\/fr\/wp-json\/wp\/v2\/pages\/524\/revisions\/526"}],"up":[{"embeddable":true,"href":"https:\/\/atep-france.fr\/fr\/wp-json\/wp\/v2\/pages\/71"}],"wp:attachment":[{"href":"https:\/\/atep-france.fr\/fr\/wp-json\/wp\/v2\/media?parent=524"}],"curies":[{"name":"wp","href":"https:\/\/api.w.org\/{rel}","templated":true}]}}