{"id":534,"date":"2021-12-21T15:28:24","date_gmt":"2021-12-21T14:28:24","guid":{"rendered":"https:\/\/atep-france.fr\/fr\/?page_id=534"},"modified":"2024-07-16T17:36:50","modified_gmt":"2024-07-16T15:36:50","slug":"label-qualipluie","status":"publish","type":"page","link":"https:\/\/atep-france.fr\/fr\/partenariats-actions\/label-qualipluie\/","title":{"rendered":"LABEL QUALIPLUIE"},"content":{"rendered":"<p style=\"text-align: justify;\"><em>Des entreprises form\u00e9es \u00e0 la r\u00e9cup\u00e9ration et r\u00e9tention des eaux de pluie ainsi qu\u2019\u00e0 la gestion de l\u2019eau \u00e0 la parcelle.<\/em><\/p>\n<p style=\"text-align: justify;\">Aujourd\u2019hui, la CNATP, la CAPEB et l&rsquo;ATEP d\u00e9veloppent la marque collective QUALIPLUIE.<\/p>\n<p style=\"text-align: justify;\">Des entreprises qui affichent la marque QUALIPLUIE adoptent une image commune pour offrir le meilleur de leur m\u00e9tier et de leurs services. Les entreprises QUALIPLUIE constituent un r\u00e9seau de professionnels, comp\u00e9tents pour installer des syst\u00e8mes de r\u00e9tention et\/ou de r\u00e9cup\u00e9ration des eaux de pluie.<\/p>\n<p style=\"text-align: justify;\">Les entreprises et artisans candidats \u00e0 la qualification QUALIPLUIE, suivent un processus rigoureux d\u2019\u00e9valuation ; d\u00e9couvrez les crit\u00e8res et les exigences auxquels ils r\u00e9pondent pour vous apporter la garantie d\u2019un travail bien fait.<\/p>\n<p style=\"text-align: justify;\">Les professionnels qui souhaitent obtenir le label QUALIPLUIE pr\u00e9sentent un dossier de candidature qui comporte une partie administrative et une partie technique.<\/p>\n<p style=\"text-align: justify;\">La partie administrative permet de v\u00e9rifier que le candidat est bien en r\u00e8gle avec ses obligations sociales et fiscales (caisse des cong\u00e9s pay\u00e9s, URSSAF, imp\u00f4ts et taxes), qu\u2019il est assur\u00e9 pour les travaux qu\u2019il r\u00e9alise et qu\u2019il est solide financi\u00e8rement. Ces premi\u00e8res v\u00e9rifications sont essentielles car elles garantissent que la situation de l\u2019entreprise est saine.<\/p>\n<p style=\"text-align: justify;\">La partie technique couvre la v\u00e9rification des moyens humains et mat\u00e9riels d\u00e9di\u00e9s \u00e0 l\u2019activit\u00e9 ainsi que les r\u00e9f\u00e9rences de chantiers r\u00e9alis\u00e9es.<\/p>\n<p style=\"text-align: justify;\">Pour plus d\u2019information : <a href=\"http:\/\/www.qualipluie.fr\" target=\"_blank\" rel=\"noopener\">www.qualipluie.fr<\/a><\/p>\n","protected":false},"excerpt":{"rendered":"<p>Des entreprises form\u00e9es \u00e0 la r\u00e9cup\u00e9ration et r\u00e9tention des eaux de pluie ainsi qu\u2019\u00e0 la gestion de l\u2019eau \u00e0 la parcelle. Aujourd\u2019hui, la CNATP, la CAPEB et l&rsquo;ATEP d\u00e9veloppent la marque collective QUALIPLUIE. Des entreprises qui affichent la marque QUALIPLUIE adoptent une image commune pour offrir le meilleur de leur m\u00e9tier et de leurs services.&hellip; <br \/> <a class=\"read-more\" href=\"https:\/\/atep-france.fr\/fr\/partenariats-actions\/label-qualipluie\/\">Lire la suite<\/a><\/p>\n","protected":false},"author":1,"featured_media":0,"parent":71,"menu_order":0,"comment_status":"closed","ping_status":"closed","template":"page-templates\/page-with-right-sidebar.php","meta":{"footnotes":""},"class_list":["post-534","page","type-page","status-publish","hentry"],"jetpack_sharing_enabled":true,"_links":{"self":[{"href":"https:\/\/atep-france.fr\/fr\/wp-json\/wp\/v2\/pages\/534","targetHints":{"allow":["GET"]}}],"collection":[{"href":"https:\/\/atep-france.fr\/fr\/wp-json\/wp\/v2\/pages"}],"about":[{"href":"https:\/\/atep-france.fr\/fr\/wp-json\/wp\/v2\/types\/page"}],"author":[{"embeddable":true,"href":"https:\/\/atep-france.fr\/fr\/wp-json\/wp\/v2\/users\/1"}],"replies":[{"embeddable":true,"href":"https:\/\/atep-france.fr\/fr\/wp-json\/wp\/v2\/comments?post=534"}],"version-history":[{"count":3,"href":"https:\/\/atep-france.fr\/fr\/wp-json\/wp\/v2\/pages\/534\/revisions"}],"predecessor-version":[{"id":1748,"href":"https:\/\/atep-france.fr\/fr\/wp-json\/wp\/v2\/pages\/534\/revisions\/1748"}],"up":[{"embeddable":true,"href":"https:\/\/atep-france.fr\/fr\/wp-json\/wp\/v2\/pages\/71"}],"wp:attachment":[{"href":"https:\/\/atep-france.fr\/fr\/wp-json\/wp\/v2\/media?parent=534"}],"curies":[{"name":"wp","href":"https:\/\/api.w.org\/{rel}","templated":true}]}}