{"id":546,"date":"2021-12-21T15:43:22","date_gmt":"2021-12-21T14:43:22","guid":{"rendered":"https:\/\/atep-france.fr\/fr\/?page_id=546"},"modified":"2022-06-10T17:16:15","modified_gmt":"2022-06-10T15:16:15","slug":"leesu","status":"publish","type":"page","link":"https:\/\/atep-france.fr\/fr\/partenariats-actions\/leesu\/","title":{"rendered":"LEESU"},"content":{"rendered":"<p style=\"text-align: justify;\"><em>Le partenariat entre l&rsquo;ATEP et le LEESU de l&rsquo;Ecole des Ponts- ParisTech vise \u00e0 promouvoir le d\u00e9veloppement de solutions et de pratiques de gestion des eaux \u00e0 la parcelle et notamment de la valorisation des eaux non conventionnelles. <\/em><\/p>\n<p style=\"text-align: justify;\">Il a pour objectifs, \u00e0 travers la production de connaissance, de contribuer activement aux d\u00e9bats et discussions autour de :<\/p>\n<p style=\"text-align: justify;\">&#8211; l&rsquo;\u00e9volution du cadre r\u00e9glementaire relatif au recyclage et \u00e0 la r\u00e9utilisation des eaux grises et des eaux us\u00e9es trait\u00e9es,<\/p>\n<p style=\"text-align: justify;\">&#8211; des proc\u00e9dures de normalisation en mati\u00e8re d&rsquo;assainissement non collectif et de r\u00e9cup\u00e9ration des eaux de le pluie.<\/p>\n<p style=\"text-align: justify;\">Cette production de connaissances \u00e0 porter au d\u00e9bat passera notamment par le d\u00e9veloppement de protocoles \u00e0 minima sur les retours d&rsquo;exp\u00e9rience des pratiques en mati\u00e8re d&rsquo;assainissement autonome, de s\u00e9paration \u00e0 la source et de valorisation des eaux et des mati\u00e8res \u00e0 l&rsquo;\u00e9chelle nationale, europ\u00e9enne et internationale.<\/p>\n<p style=\"text-align: justify;\">Le partenariat permettra \u00e9galement de proposer des m\u00e9thodes d&rsquo;\u00e9valuation des performances de diff\u00e9rentes configurations de traitement ou d&rsquo;\u00e9vacuation par infiltration dans le sol des urines, des eaux us\u00e9es trait\u00e9es, des eaux pluviales, des eaux de pluie, des eaux m\u00e9nag\u00e8res, pour une optimisation des syst\u00e8mes propos\u00e9s pour diff\u00e9rents types d&rsquo;am\u00e9nagements \u00e0 l&rsquo;\u00e9chelle de la parcelle.<\/p>\n","protected":false},"excerpt":{"rendered":"<p>Le partenariat entre l&rsquo;ATEP et le LEESU de l&rsquo;Ecole des Ponts- ParisTech vise \u00e0 promouvoir le d\u00e9veloppement de solutions et de pratiques de gestion des eaux \u00e0 la parcelle et notamment de la valorisation des eaux non conventionnelles. Il a pour objectifs, \u00e0 travers la production de connaissance, de contribuer activement aux d\u00e9bats et discussions&hellip; <br \/> <a class=\"read-more\" href=\"https:\/\/atep-france.fr\/fr\/partenariats-actions\/leesu\/\">Lire la suite<\/a><\/p>\n","protected":false},"author":1,"featured_media":0,"parent":71,"menu_order":0,"comment_status":"closed","ping_status":"closed","template":"page-templates\/page-with-right-sidebar.php","meta":{"footnotes":""},"class_list":["post-546","page","type-page","status-publish","hentry"],"jetpack_sharing_enabled":true,"_links":{"self":[{"href":"https:\/\/atep-france.fr\/fr\/wp-json\/wp\/v2\/pages\/546","targetHints":{"allow":["GET"]}}],"collection":[{"href":"https:\/\/atep-france.fr\/fr\/wp-json\/wp\/v2\/pages"}],"about":[{"href":"https:\/\/atep-france.fr\/fr\/wp-json\/wp\/v2\/types\/page"}],"author":[{"embeddable":true,"href":"https:\/\/atep-france.fr\/fr\/wp-json\/wp\/v2\/users\/1"}],"replies":[{"embeddable":true,"href":"https:\/\/atep-france.fr\/fr\/wp-json\/wp\/v2\/comments?post=546"}],"version-history":[{"count":3,"href":"https:\/\/atep-france.fr\/fr\/wp-json\/wp\/v2\/pages\/546\/revisions"}],"predecessor-version":[{"id":672,"href":"https:\/\/atep-france.fr\/fr\/wp-json\/wp\/v2\/pages\/546\/revisions\/672"}],"up":[{"embeddable":true,"href":"https:\/\/atep-france.fr\/fr\/wp-json\/wp\/v2\/pages\/71"}],"wp:attachment":[{"href":"https:\/\/atep-france.fr\/fr\/wp-json\/wp\/v2\/media?parent=546"}],"curies":[{"name":"wp","href":"https:\/\/api.w.org\/{rel}","templated":true}]}}