{"id":555,"date":"2021-12-21T15:47:14","date_gmt":"2021-12-21T14:47:14","guid":{"rendered":"https:\/\/atep-france.fr\/fr\/?page_id=555"},"modified":"2023-10-31T16:00:35","modified_gmt":"2023-10-31T15:00:35","slug":"analyse-du-cycle-de-vie-acv","status":"publish","type":"page","link":"https:\/\/atep-france.fr\/fr\/partenariats-actions\/analyse-du-cycle-de-vie-acv\/","title":{"rendered":"Analyse du cycle de vie (ACV)"},"content":{"rendered":"<h3 style=\"text-align: center;\"><strong>Guide de \u00ab\u00a0bonnes pratiques\u00a0\u00bb pour la r\u00e9alisation d\u2019Analyse de Cycle de Vie des syst\u00e8mes d\u2019Assainissement Non Collectif<\/strong><\/h3>\n<hr \/>\n<p style=\"text-align: justify;\">En France, L\u2019assainissement non collectif concerne 20% de la population avec environ 5 millions d\u2019installations.<\/p>\n<p style=\"text-align: justify;\">Il a pour objet l\u2019\u00e9vacuation et le traitement des eaux us\u00e9es. Les eaux us\u00e9es d\u00e9signent les eaux vannes (l\u2019eau provenant des WC) et les eaux grises (l\u2019eau provenant du lavabo, de la cuisine, du lave-linge\u2026).<\/p>\n<p style=\"text-align: justify;\">Elles ne peuvent pas \u00eatre rejet\u00e9es dans la nature, car elles sont nocives pour l\u2019environnement. Elles doivent donc au pr\u00e9alable \u00eatre trait\u00e9es pour pr\u00e9venir les risques de pollution.<\/p>\n<p style=\"text-align: justify;\">Il existe 2 m\u00e9thodes d\u2019assainissement :<\/p>\n<ul style=\"text-align: justify;\">\n<li>\u00c9vacuation dans un r\u00e9seau communal d\u2019assainissement collectif, le tout-\u00e0-l\u2019\u00e9gout<\/li>\n<li>R\u00e9cup\u00e9ration par un \u00e9quipement d\u2019assainissement non collectif, l\u2019assainissement autonome ou individuel<\/li>\n<\/ul>\n<p style=\"text-align: justify;\">Les zones d\u2019assainissement collectif et non collectif de votre commune sont d\u00e9limit\u00e9es dans le zonage d\u2019assainissement que vous pouvez consulter en mairie.<\/p>\n<p style=\"text-align: justify;\">Dans chaque commune ou groupement de communes, il existe un service public d\u2019assainissement. Il s\u2019agit du SPAC pour l\u2019assainissement collectif et du SPANC pour le non collectif. Il assure des missions obligatoires de contr\u00f4le et des prestations facultatives d\u2019entretien, de vidange ou de travaux. Quel que soit le mode d\u2019assainissement, collectif ou autonome, ce service contr\u00f4le la conformit\u00e9 des installations et des raccordements.<\/p>\n<p style=\"text-align: justify;\"><img loading=\"lazy\" decoding=\"async\" class=\"alignright size-full wp-image-727\" src=\"https:\/\/atep-france.fr\/fr\/wp-content\/uploads\/2022\/06\/Guide-de-bonnes-pratiques-pour-la-realisation-dAnalyse-de-Cycle-de-Vie-des-systemes-dAssainissement-Non-Collectif.jpg\" alt=\"Guide de \u00ab bonnes pratiques \u00bb pour la r\u00e9alisation d\u2019Analyse de Cycle de Vie des syst\u00e8mes d\u2019Assainissement Non Collectif\" width=\"356\" height=\"389\" srcset=\"https:\/\/atep-france.fr\/fr\/wp-content\/uploads\/2022\/06\/Guide-de-bonnes-pratiques-pour-la-realisation-dAnalyse-de-Cycle-de-Vie-des-systemes-dAssainissement-Non-Collectif.jpg 356w, https:\/\/atep-france.fr\/fr\/wp-content\/uploads\/2022\/06\/Guide-de-bonnes-pratiques-pour-la-realisation-dAnalyse-de-Cycle-de-Vie-des-systemes-dAssainissement-Non-Collectif-275x300.jpg 275w\" sizes=\"auto, (max-width: 356px) 100vw, 356px\" \/>Ces syst\u00e8mes de traitement des eaux us\u00e9es s\u2019appuient sur des m\u00e9canismes tr\u00e8s divers (physiques, biologiques) qui se distinguent principalement par le mode de culture biologique, soit libre ou fixe immerg\u00e9e avec a\u00e9ration forc\u00e9e ou bien fix\u00e9e sur support fin utilisant diff\u00e9rent type de m\u00e9dia filtrant (min\u00e9ral, organique\/v\u00e9g\u00e9tal ou synth\u00e9tique) avec a\u00e9ration naturelle. Ces syst\u00e8mes peuvent \u00eatre contenus dans des cuves ou dans certains cas r\u00e9alis\u00e9s sur site.<\/p>\n<p style=\"text-align: justify;\">A ce jour, il existe quatre fili\u00e8res dites \u00ab\u00a0traditionnelles\u00a0\u00bb et plus de 100 fili\u00e8res dites \u00ab\u00a0agr\u00e9\u00e9es\u00a0\u00bb.<\/p>\n<p style=\"text-align: justify;\">La cat\u00e9gorisation de l\u2019ensemble de ces dispositifs peut se faire classiquement en cinq grandes familles\u00a0: Microstations \u00e0 Culture Libres, Microstations \u00e0 Culture Fix\u00e9es, Filtres \u00e0 V\u00e9g\u00e9taux, Filtres Compacts, Epandages et Filtres \u00e0 Sable (INRAE \u2013 Boutin et. al., 2017). La commercialisation de ces syst\u00e8mes (hors dispositifs traditionnels type filtre \u00e0 sable couvert par un DTU 64.1) est soumise \u00e0 un agr\u00e9ment d\u00e9livr\u00e9 par le minist\u00e8re de la transition \u00e9cologique et solidaire.<\/p>\n<p style=\"text-align: justify;\">Dans le cadre\u00a0du plan d\u2019actions pour la transition vers une \u00e9conomie circulaire (23 septembre 2019) du groupe de travail \u00ab\u00a0\u00e9conomie circulaire\u00a0\u00bb du Conseil National de l\u2019Industrie, publi\u00e9 le 23 septembre 2019, le syndicat des Acteurs du Traitement des Eaux de la Parcelle (ATEP) a \u00e9t\u00e9 pilote de l\u2019adaptation de l\u2019outil d\u2019analyse de cycle de vie \u00e0 la fili\u00e8re de l\u2019assainissement non collectif dans l\u2019objectif de\u00a0:<\/p>\n<ul style=\"text-align: justify;\">\n<li>Cr\u00e9er un outil g\u00e9n\u00e9rique, non discriminant pour les technologies existantes, et accessibles par le particulier (acheteur de la solution) pour en permettre sa valorisation,<\/li>\n<li>Evaluer la possibilit\u00e9 d\u2019introduire l\u2019ACV ANC dans la norme NF certification de produit.<\/li>\n<\/ul>\n<p style=\"text-align: justify;\">En 2020 l\u2019ATEP commande \u00e0 l\u2019Institut National de Recherche pour l\u2019Agriculture, l\u2019Alimentation et l\u2019Environnement (INRAE) une \u00e9tude diagnostique. Bien que l\u2019ACV soit une m\u00e9thodologie standardis\u00e9e par les normes ISO 14040 et 14044, son application \u00e0 un domaine sp\u00e9cifique n\u00e9cessite de pr\u00e9ciser et d\u2019harmoniser certaines r\u00e8gles pour son utilisation.<\/p>\n<p style=\"text-align: justify;\">En 2021 un comit\u00e9 d\u2019experts initi\u00e9 par l\u2019ATEP, rassemblant des organismes techniques, bureaux d\u2019\u00e9tudes et fabricants se mobilise pour cr\u00e9er un guide de standardisation des ACV pour les syst\u00e8mes d\u2019ANC. INRAE Transfert (filiale priv\u00e9e d\u00e9di\u00e9e au transfert des technologies et des savoir-faire d\u2019INRAE) est mandat\u00e9 pour le r\u00e9aliser.<\/p>\n<p style=\"text-align: justify;\">Ce travail collectif vise \u00e0 d\u00e9finir les \u00e9l\u00e9ments et m\u00e9thodes communes reconnus comme pertinents par la profession\u00a0: d\u00e9finition d\u2019une unit\u00e9 fonctionnelle repr\u00e9sentative de la fonction d\u2019assainissement, standardisation des mod\u00e9lisations pour des processus communs entre dispositifs (par exemple fr\u00e9quence de vidange, longueur de raccordement, tol\u00e9rance des remblais\u2026). Le guide vise \u00e9galement \u00e0 fournir des pr\u00e9conisations (et certaines valeurs par d\u00e9faut) li\u00e9es aux coefficients d\u2019abattement des pollutions entrantes pour chaque grande famille de syst\u00e8me, pour la r\u00e9alisation des bilans mati\u00e8res. Ce dernier point permet la capitalisation de nombreuses \u00e9tudes nationales et internationales sur ce sujet complexe mais de premi\u00e8re importance dans le cadre des p\u00e9rim\u00e8tres d\u2019\u00e9tude des ACV.<\/p>\n<p style=\"text-align: justify;\">Ce guide de standardisation pour l\u2019ACV permettra aux fabricants de s\u2019engager plus ais\u00e9ment dans une d\u00e9marche d\u2019\u00e9co-conception et des actions relevant de l\u2019\u00e9conomie circulaire et d\u2019am\u00e9lioration continue.<\/p>\n<p style=\"text-align: justify;\">Enfin, ce guide a \u00e9t\u00e9 r\u00e9dig\u00e9 avec l\u2019objectif de faciliter \u00e9galement la r\u00e9alisation de d\u00e9clarations environnementales de produits pour l\u2019am\u00e9nagement des parcelles et l\u2019\u00e9quipement des b\u00e2timents. En parall\u00e8le des bilans ACV, ces d\u00e9clarations pourront \u00eatre int\u00e9gr\u00e9es dans la base INIES, sous la forme de fiches (FDES) ou de Profil Environnemental Produit (PEP Ecopassport) apr\u00e8s validation par tierce partie. La r\u00e9alisation de ces profils d\u00e9claratifs est cadr\u00e9e par la norme NF EN 15804+A2 et son compl\u00e9ment national. Elles permettront aux maitres d\u2019\u0153uvre et bureaux d\u2019\u00e9tudes porteurs de projets d\u2019am\u00e9nagement de disposer d\u2019\u00e9l\u00e9ments de d\u00e9clarations environnementales pour les syst\u00e8mes d\u2019ANC ais\u00e9ment utilisables pour r\u00e9pondre aux exigences de la nouvelle r\u00e9glementation environnementale pour le b\u00e2timent applicable depuis le 1<sup>er<\/sup> janvier 2022 (RE2020). Ce travail sera poursuivi par une \u00e9tude plus large sur les syst\u00e8mes d\u00e9centralis\u00e9s de gestion des eaux de la parcelle et notamment les installations de valorisation des eaux non conventionnelles.<\/p>\n<p>&nbsp;<\/p>\n<p><em>Ce guide a servi \u00e0 d\u00e9finir des r\u00e8gles sp\u00e9cifiques pour la r\u00e9alisation des FDES sur les syst\u00e8mes d&rsquo;ANC, r\u00e9f\u00e9renc\u00e9es dans le r\u00e8glement du programme INIES (\u00e0 partir de la version de d\u00e9cembre 2023).\u00a0<\/em><\/p>\n<p>&nbsp;<\/p>\n<p style=\"text-align: justify;\">Experts\u00a0: Antoine ESNOUF (INRAE Transfert), Doris BROCKMANN (INRAE Transfert), St\u00e9phane PETITOT (ALTERNATIVE CARBONE), Nicolas DECOUSSER (CERIB), Roger LACASSE (GS17\/PREMIER TECH), Hugues RAULT (APMS\/INEAUCLAIRE), Amir NAFI (ENGEES), Emmanuel PARENT (SYNABA), J\u00e9r\u00e9mie STEININGER (ATEP).<\/p>\n<p style=\"text-align: justify;\">Travaux financ\u00e9s par l\u2019ATEP au travers de contributions volontaires des fabricants adh\u00e9rents suivants\u00a0: ABAS, AQUATIRIS, BIONEST France, ELOY, KINGSPAN ENVIRONMENTAL, RIKUTEC France.<\/p>\n<p>T\u00e9l\u00e9chargez le guide ici : <strong><a href=\"https:\/\/atep-france.fr\/fr\/wp-content\/uploads\/2023\/10\/Recommandations-methodologiques_ACV-des-systemes-dANC_INRAE-Transfert_v1.1_202310.pdf\" target=\"_blank\" rel=\"noopener\">Recommandations m\u00e9thodologiques_ACV des syst\u00e8mes d&rsquo;ANC_INRAE Transfert_v1.1_202310<\/a><\/strong><\/p>\n<p>&nbsp;<\/p>\n","protected":false},"excerpt":{"rendered":"<p>Guide de \u00ab\u00a0bonnes pratiques\u00a0\u00bb pour la r\u00e9alisation d\u2019Analyse de Cycle de Vie des syst\u00e8mes d\u2019Assainissement Non Collectif En France, L\u2019assainissement non collectif concerne 20% de la population avec environ 5 millions d\u2019installations. Il a pour objet l\u2019\u00e9vacuation et le traitement des eaux us\u00e9es. Les eaux us\u00e9es d\u00e9signent les eaux vannes (l\u2019eau provenant des WC) et&hellip; <br \/> <a class=\"read-more\" href=\"https:\/\/atep-france.fr\/fr\/partenariats-actions\/analyse-du-cycle-de-vie-acv\/\">Lire la suite<\/a><\/p>\n","protected":false},"author":1,"featured_media":0,"parent":71,"menu_order":0,"comment_status":"closed","ping_status":"closed","template":"page-templates\/page-with-right-sidebar.php","meta":{"footnotes":""},"class_list":["post-555","page","type-page","status-publish","hentry"],"jetpack_sharing_enabled":true,"_links":{"self":[{"href":"https:\/\/atep-france.fr\/fr\/wp-json\/wp\/v2\/pages\/555","targetHints":{"allow":["GET"]}}],"collection":[{"href":"https:\/\/atep-france.fr\/fr\/wp-json\/wp\/v2\/pages"}],"about":[{"href":"https:\/\/atep-france.fr\/fr\/wp-json\/wp\/v2\/types\/page"}],"author":[{"embeddable":true,"href":"https:\/\/atep-france.fr\/fr\/wp-json\/wp\/v2\/users\/1"}],"replies":[{"embeddable":true,"href":"https:\/\/atep-france.fr\/fr\/wp-json\/wp\/v2\/comments?post=555"}],"version-history":[{"count":5,"href":"https:\/\/atep-france.fr\/fr\/wp-json\/wp\/v2\/pages\/555\/revisions"}],"predecessor-version":[{"id":725,"href":"https:\/\/atep-france.fr\/fr\/wp-json\/wp\/v2\/pages\/555\/revisions\/725"}],"up":[{"embeddable":true,"href":"https:\/\/atep-france.fr\/fr\/wp-json\/wp\/v2\/pages\/71"}],"wp:attachment":[{"href":"https:\/\/atep-france.fr\/fr\/wp-json\/wp\/v2\/media?parent=555"}],"curies":[{"name":"wp","href":"https:\/\/api.w.org\/{rel}","templated":true}]}}