{"id":78,"date":"2021-11-22T18:22:58","date_gmt":"2021-11-22T17:22:58","guid":{"rendered":"https:\/\/atep-france.fr\/fr\/?page_id=78"},"modified":"2023-07-13T18:28:13","modified_gmt":"2023-07-13T16:28:13","slug":"liens-utiles","status":"publish","type":"page","link":"https:\/\/atep-france.fr\/fr\/liens-utiles\/","title":{"rendered":"Liens utiles"},"content":{"rendered":"<h3><strong>Recherche de agr\u00e9ments des dispositifs ANC<\/strong><\/h3>\n<h3><strong>ASCOMADE<\/strong><\/h3>\n<p>Depuis 2019, l\u2019ASCOMADE met \u00e0 disposition un moteur de recherche qui recense tous les avis relatifs aux fili\u00e8res ANC titulaire d\u2019un agr\u00e9ment et publi\u00e9s \u00e0 ce jour sans distinction.<\/p>\n<p>Objectifs\u00a0: Faciliter l\u2019instruction des dossiers d\u00e9pos\u00e9s aupr\u00e8s des SPANC et permettre \u00e0 ces derniers d\u2019informer plus ais\u00e9ment les usagers du service.<\/p>\n<p>D\u2019autres utilisations sont possibles, notamment c\u00f4t\u00e9 prescripteurs.<\/p>\n<p>A travers des champs de recherche simples, plusieurs entr\u00e9es sont possibles\u00a0: par n\u00b0 d\u2019agr\u00e9ment, titulaire ou d\u00e9nomination commerciale mais aussi la famille du proc\u00e9d\u00e9, qu\u2019on se situe dans le cadre d\u2019une r\u00e9sidence secondaire ou en pr\u00e9sence de nappe.<\/p>\n<p>Hormis le t\u00e9l\u00e9chargement de(s) l\u2019avis correspondant(s) au r\u00e9sultat de la recherche, le tableau de r\u00e9ponses permet \u00e9galement de rapidement conna\u00eetre la fr\u00e9quence th\u00e9orique de vidange (et la hauteur max de remplissage) ainsi que la hauteur max de remblais. La gestion de l\u2019affichage des colonnes permet en outre d\u2019acc\u00e9der au champs des remarques qui apportent quelques pr\u00e9cisions sur des points particuliers.<\/p>\n<p>Enfin un bouton permet de contacter l\u2019administration du site en cas d\u2019erreur<\/p>\n<p>&nbsp;<\/p>\n<p>Pour retrouver ce moteur <strong><a href=\"https:\/\/ascomade.org\/assainissement-non-collectif\/agrements-des-dispositifs\/\" target=\"_blank\" rel=\"noopener\">cliquer ici<\/a><\/strong><\/p>\n<hr \/>\n<p><strong>\u00a0<\/strong><\/p>\n<h3><strong>Dimensionnez votre installation de r\u00e9cup\u00e9ration des eaux de pluie<\/strong><\/h3>\n<h3><strong>LA BANQUISE<\/strong><\/h3>\n<p>La banquise est un outil gratuit de dimensionnement d\u2019une installation de r\u00e9cup\u00e9ration des eaux de pluie.<\/p>\n<p>Objectifs\u00a0:<\/p>\n<ul>\n<li>Permettre \u00e0 chacun de dimensionner au mieux le volume de stockage optimum pour valoriser les eaux de pluie. Selon votre surface de r\u00e9colte, le lieu du projet et les usages de l\u2019eau de pluie, le logiciel vous pr\u00e9sente une courbe de dimensionnement qui permet de conna\u00eetre vos \u00e9conomies d\u2019eau selon la taille de votre citerne.<\/li>\n<li>Choisir le mat\u00e9riel le plus adapt\u00e9 aux contraintes de votre chantier. A travers des questions en entonnoir, vous serez aiguill\u00e9 tout au long du processus de choix jusqu\u2019\u00e0 la cr\u00e9ation d\u2019une fiche synth\u00e8se.<\/li>\n<\/ul>\n<p>Le logiciel La banquise est le seul logiciel qui r\u00e9alise cette \u00e9tude \u00e0 partir de donn\u00e9es pluviom\u00e9triques quotidiennes des 10 derni\u00e8res ann\u00e9es. Pour une meilleure pr\u00e9cision des r\u00e9sultats, le logiciel poss\u00e8de les donn\u00e9es pluviom\u00e9triques de plus de 850 villes dont 650 en France m\u00e9tropolitaine et plus de 50 en Outremer.<\/p>\n<p>&nbsp;<\/p>\n<p>Pour retrouver ce logiciel\u00a0: <strong><a href=\"https:\/\/la-banquise.com\/atep\" target=\"_blank\" rel=\"noopener\">cliquer ici<\/a><\/strong><\/p>\n<p>&nbsp;<\/p>\n<hr \/>\n<h3><strong>Le collectif des acteurs de l\u2019eau<\/strong><\/h3>\n<h3><strong>AQUAGIR<\/strong><\/h3>\n<p>Afin d\u2019acc\u00e9l\u00e9rer et de massifier les projets de gestion des eaux dans les territoires, l\u2019ANEB, la Banque des Territoires, le BRGM, le Cercle Fran\u00e7ais de l\u2019eau, France Water Team et l\u2019UIE cr\u00e9ent le collectif AQUAGIR, dont ils sont les membres fondateurs.<\/p>\n<p>Objectifs\u00a0:<\/p>\n<ul>\n<li>Accompagner les collectivit\u00e9s territoriales sur l\u2019ensemble des projets li\u00e9s \u00e0 l\u2019eau dans une gestion sobre et partag\u00e9e de la ressource afin de pr\u00e9server le milieu tout en garantissant l\u2019ensemble des usages indispensables au bon d\u00e9veloppement de chaque territoire, et dans le respect d\u2019une gouvernance \u00e9tablie \u00e0 l\u2019\u00e9chelle des bassins hydrographiques,<\/li>\n<li>Mobiliser en cons\u00e9quence les expertises, moyens et r\u00e9seaux de partenaires, en synergie avec les actions du plan Eau de l\u2019Etat et en \u00e9troite collaboration avec les Agences de l\u2019eau.<\/li>\n<\/ul>\n<p>Les Acteurs du Traitement des Eaux de la Parcelle contribuent au collectif AQUAGIR afin d&rsquo;accompagner les collectivit\u00e9s \u00e0 toutes les \u00e9tapes de leurs projets de gestion des #eaux.<\/p>\n<p>Les Acteurs du Traitement des Eaux de la Parcelle sont r\u00e9f\u00e9renc\u00e9s sur la Place du march\u00e9 et mettent \u00e0 disposition tous leurs outils.<\/p>\n<p>&nbsp;<\/p>\n<p>Pour retrouver ce collectif\u00a0: <strong><a href=\"https:\/\/aquagir.fr\/\" target=\"_blank\" rel=\"noopener\">cliquez ici<\/a><\/strong><\/p>\n<hr \/>\n<p>&nbsp;<\/p>\n","protected":false},"excerpt":{"rendered":"<p>Recherche de agr\u00e9ments des dispositifs ANC ASCOMADE Depuis 2019, l\u2019ASCOMADE met \u00e0 disposition un moteur de recherche qui recense tous les avis relatifs aux fili\u00e8res ANC titulaire d\u2019un agr\u00e9ment et publi\u00e9s \u00e0 ce jour sans distinction. Objectifs\u00a0: Faciliter l\u2019instruction des dossiers d\u00e9pos\u00e9s aupr\u00e8s des SPANC et permettre \u00e0 ces derniers d\u2019informer plus ais\u00e9ment les usagers&hellip; <br \/> <a class=\"read-more\" href=\"https:\/\/atep-france.fr\/fr\/liens-utiles\/\">Lire la suite<\/a><\/p>\n","protected":false},"author":1,"featured_media":0,"parent":0,"menu_order":0,"comment_status":"closed","ping_status":"closed","template":"page-templates\/page-with-right-sidebar.php","meta":{"footnotes":""},"class_list":["post-78","page","type-page","status-publish","hentry"],"jetpack_sharing_enabled":true,"_links":{"self":[{"href":"https:\/\/atep-france.fr\/fr\/wp-json\/wp\/v2\/pages\/78","targetHints":{"allow":["GET"]}}],"collection":[{"href":"https:\/\/atep-france.fr\/fr\/wp-json\/wp\/v2\/pages"}],"about":[{"href":"https:\/\/atep-france.fr\/fr\/wp-json\/wp\/v2\/types\/page"}],"author":[{"embeddable":true,"href":"https:\/\/atep-france.fr\/fr\/wp-json\/wp\/v2\/users\/1"}],"replies":[{"embeddable":true,"href":"https:\/\/atep-france.fr\/fr\/wp-json\/wp\/v2\/comments?post=78"}],"version-history":[{"count":7,"href":"https:\/\/atep-france.fr\/fr\/wp-json\/wp\/v2\/pages\/78\/revisions"}],"predecessor-version":[{"id":1297,"href":"https:\/\/atep-france.fr\/fr\/wp-json\/wp\/v2\/pages\/78\/revisions\/1297"}],"wp:attachment":[{"href":"https:\/\/atep-france.fr\/fr\/wp-json\/wp\/v2\/media?parent=78"}],"curies":[{"name":"wp","href":"https:\/\/api.w.org\/{rel}","templated":true}]}}