{"id":851,"date":"2022-11-15T16:06:34","date_gmt":"2022-11-15T15:06:34","guid":{"rendered":"https:\/\/atep-france.fr\/fr\/?page_id=851"},"modified":"2022-11-15T16:19:43","modified_gmt":"2022-11-15T15:19:43","slug":"tranchees-depandage","status":"publish","type":"page","link":"https:\/\/atep-france.fr\/fr\/assainissement-non-collectif-et-separation-a-la-source\/presentation-des-differentes-solutions\/tranchees-depandage\/","title":{"rendered":"Les tranch\u00e9es d\u2019\u00e9pandage"},"content":{"rendered":"<p style=\"text-align: justify;\">Le traitement des eaux us\u00e9es se fait en 2 \u00e9tapes : une phase de traitement primaire dans une fosse septique toutes eaux et une phase de traitement secondaire par le sol.<\/p>\n<p style=\"text-align: justify;\">Un \u00e9pandage souterrain dans le sol en place est constitu\u00e9 de tuyaux d\u2019\u00e9pandage rigides (canalisations dont les perforations sont orient\u00e9es vers le bas) dispos\u00e9s dans des tranch\u00e9es de faible profondeur remplis de graviers.<\/p>\n<p><a href=\"https:\/\/atep-france.fr\/fr\/wp-content\/uploads\/2022\/11\/Tranche_Ep_ATEP_ANC.jpg\" target=\"_blank\" rel=\"Les d\u2019\u00e9pandage noopener tranch\u00e9es\"><img loading=\"lazy\" decoding=\"async\" class=\"aligncenter wp-image-853 size-large\" title=\"Les tranch\u00e9es d\u2019\u00e9pandage\" src=\"https:\/\/atep-france.fr\/fr\/wp-content\/uploads\/2022\/11\/Tranche_Ep_ATEP_ANC-1024x945.jpg\" alt=\"Les tranch\u00e9es d\u2019\u00e9pandage\" width=\"1024\" height=\"945\" srcset=\"https:\/\/atep-france.fr\/fr\/wp-content\/uploads\/2022\/11\/Tranche_Ep_ATEP_ANC-1024x945.jpg 1024w, https:\/\/atep-france.fr\/fr\/wp-content\/uploads\/2022\/11\/Tranche_Ep_ATEP_ANC-300x277.jpg 300w, https:\/\/atep-france.fr\/fr\/wp-content\/uploads\/2022\/11\/Tranche_Ep_ATEP_ANC-768x709.jpg 768w, https:\/\/atep-france.fr\/fr\/wp-content\/uploads\/2022\/11\/Tranche_Ep_ATEP_ANC-1536x1417.jpg 1536w, https:\/\/atep-france.fr\/fr\/wp-content\/uploads\/2022\/11\/Tranche_Ep_ATEP_ANC-2048x1889.jpg 2048w, https:\/\/atep-france.fr\/fr\/wp-content\/uploads\/2022\/11\/Tranche_Ep_ATEP_ANC-1171x1080.jpg 1171w\" sizes=\"auto, (max-width: 1024px) 100vw, 1024px\" \/><\/a><\/p>\n","protected":false},"excerpt":{"rendered":"<p>Le traitement des eaux us\u00e9es se fait en 2 \u00e9tapes : une phase de traitement primaire dans une fosse septique toutes eaux et une phase de traitement secondaire par le sol. Un \u00e9pandage souterrain dans le sol en place est constitu\u00e9 de tuyaux d\u2019\u00e9pandage rigides (canalisations dont les perforations sont orient\u00e9es vers le bas) dispos\u00e9s&hellip; <br \/> <a class=\"read-more\" href=\"https:\/\/atep-france.fr\/fr\/assainissement-non-collectif-et-separation-a-la-source\/presentation-des-differentes-solutions\/tranchees-depandage\/\">Lire la suite<\/a><\/p>\n","protected":false},"author":1,"featured_media":0,"parent":414,"menu_order":1,"comment_status":"closed","ping_status":"closed","template":"page-templates\/page-with-right-sidebar.php","meta":{"footnotes":""},"class_list":["post-851","page","type-page","status-publish","hentry"],"jetpack_sharing_enabled":true,"_links":{"self":[{"href":"https:\/\/atep-france.fr\/fr\/wp-json\/wp\/v2\/pages\/851","targetHints":{"allow":["GET"]}}],"collection":[{"href":"https:\/\/atep-france.fr\/fr\/wp-json\/wp\/v2\/pages"}],"about":[{"href":"https:\/\/atep-france.fr\/fr\/wp-json\/wp\/v2\/types\/page"}],"author":[{"embeddable":true,"href":"https:\/\/atep-france.fr\/fr\/wp-json\/wp\/v2\/users\/1"}],"replies":[{"embeddable":true,"href":"https:\/\/atep-france.fr\/fr\/wp-json\/wp\/v2\/comments?post=851"}],"version-history":[{"count":3,"href":"https:\/\/atep-france.fr\/fr\/wp-json\/wp\/v2\/pages\/851\/revisions"}],"predecessor-version":[{"id":879,"href":"https:\/\/atep-france.fr\/fr\/wp-json\/wp\/v2\/pages\/851\/revisions\/879"}],"up":[{"embeddable":true,"href":"https:\/\/atep-france.fr\/fr\/wp-json\/wp\/v2\/pages\/414"}],"wp:attachment":[{"href":"https:\/\/atep-france.fr\/fr\/wp-json\/wp\/v2\/media?parent=851"}],"curies":[{"name":"wp","href":"https:\/\/api.w.org\/{rel}","templated":true}]}}