{"id":870,"date":"2022-11-15T16:16:47","date_gmt":"2022-11-15T15:16:47","guid":{"rendered":"https:\/\/atep-france.fr\/fr\/?page_id=870"},"modified":"2022-11-15T16:33:41","modified_gmt":"2022-11-15T15:33:41","slug":"filtre-a-sable-vertical-draine","status":"publish","type":"page","link":"https:\/\/atep-france.fr\/fr\/assainissement-non-collectif-et-separation-a-la-source\/presentation-des-differentes-solutions\/filtre-a-sable-vertical-draine\/","title":{"rendered":"Le filtre \u00e0 sable vertical drain\u00e9"},"content":{"rendered":"<p style=\"text-align: justify;\">Le traitement des eaux us\u00e9es se fait en 2 \u00e9tapes : une phase de traitement primaire dans une fosse septique toutes eaux et une phase de traitement secondaire par un sol reconstitu\u00e9.<\/p>\n<p style=\"text-align: justify;\">Un filtre \u00e0 sable vertical est constitu\u00e9 d&rsquo;un massif de sable siliceux lav\u00e9 qui remplace le sol naturel.<\/p>\n<p style=\"text-align: justify;\">Des tuyaux d\u2019\u00e9pandage rigides (canalisations dont les perforations sont orient\u00e9es vers le bas) sont plac\u00e9s dans une couche de graviers qui recouvre le sable r\u00e9partissant ainsi l&rsquo;effluent sur le massif.<\/p>\n<p style=\"text-align: justify;\">Les eaux us\u00e9es sont alors trait\u00e9es par les micro-organismes fix\u00e9s aux grains de sable.<\/p>\n<p><a href=\"https:\/\/atep-france.fr\/fr\/wp-content\/uploads\/2022\/11\/FiltreSableVER_D_ATEP_ANC.jpg\" target=\"_blank\" rel=\"Le drain\u00e9 filtre noopener sable vertical \u00e0\"><img loading=\"lazy\" decoding=\"async\" class=\"aligncenter wp-image-871 size-large\" title=\"Le filtre \u00e0 sable vertical drain\u00e9\" src=\"https:\/\/atep-france.fr\/fr\/wp-content\/uploads\/2022\/11\/FiltreSableVER_D_ATEP_ANC-1024x939.jpg\" alt=\"Le filtre \u00e0 sable vertical drain\u00e9\" width=\"1024\" height=\"939\" srcset=\"https:\/\/atep-france.fr\/fr\/wp-content\/uploads\/2022\/11\/FiltreSableVER_D_ATEP_ANC-1024x939.jpg 1024w, https:\/\/atep-france.fr\/fr\/wp-content\/uploads\/2022\/11\/FiltreSableVER_D_ATEP_ANC-300x275.jpg 300w, https:\/\/atep-france.fr\/fr\/wp-content\/uploads\/2022\/11\/FiltreSableVER_D_ATEP_ANC-768x704.jpg 768w, https:\/\/atep-france.fr\/fr\/wp-content\/uploads\/2022\/11\/FiltreSableVER_D_ATEP_ANC-1536x1409.jpg 1536w, https:\/\/atep-france.fr\/fr\/wp-content\/uploads\/2022\/11\/FiltreSableVER_D_ATEP_ANC-2048x1879.jpg 2048w, https:\/\/atep-france.fr\/fr\/wp-content\/uploads\/2022\/11\/FiltreSableVER_D_ATEP_ANC-1177x1080.jpg 1177w\" sizes=\"auto, (max-width: 1024px) 100vw, 1024px\" \/><\/a><\/p>\n","protected":false},"excerpt":{"rendered":"<p>Le traitement des eaux us\u00e9es se fait en 2 \u00e9tapes : une phase de traitement primaire dans une fosse septique toutes eaux et une phase de traitement secondaire par un sol reconstitu\u00e9. Un filtre \u00e0 sable vertical est constitu\u00e9 d&rsquo;un massif de sable siliceux lav\u00e9 qui remplace le sol naturel. Des tuyaux d\u2019\u00e9pandage rigides (canalisations&hellip; <br \/> <a class=\"read-more\" href=\"https:\/\/atep-france.fr\/fr\/assainissement-non-collectif-et-separation-a-la-source\/presentation-des-differentes-solutions\/filtre-a-sable-vertical-draine\/\">Lire la suite<\/a><\/p>\n","protected":false},"author":1,"featured_media":0,"parent":414,"menu_order":4,"comment_status":"closed","ping_status":"closed","template":"page-templates\/page-with-right-sidebar.php","meta":{"footnotes":""},"class_list":["post-870","page","type-page","status-publish","hentry"],"jetpack_sharing_enabled":true,"_links":{"self":[{"href":"https:\/\/atep-france.fr\/fr\/wp-json\/wp\/v2\/pages\/870","targetHints":{"allow":["GET"]}}],"collection":[{"href":"https:\/\/atep-france.fr\/fr\/wp-json\/wp\/v2\/pages"}],"about":[{"href":"https:\/\/atep-france.fr\/fr\/wp-json\/wp\/v2\/types\/page"}],"author":[{"embeddable":true,"href":"https:\/\/atep-france.fr\/fr\/wp-json\/wp\/v2\/users\/1"}],"replies":[{"embeddable":true,"href":"https:\/\/atep-france.fr\/fr\/wp-json\/wp\/v2\/comments?post=870"}],"version-history":[{"count":2,"href":"https:\/\/atep-france.fr\/fr\/wp-json\/wp\/v2\/pages\/870\/revisions"}],"predecessor-version":[{"id":876,"href":"https:\/\/atep-france.fr\/fr\/wp-json\/wp\/v2\/pages\/870\/revisions\/876"}],"up":[{"embeddable":true,"href":"https:\/\/atep-france.fr\/fr\/wp-json\/wp\/v2\/pages\/414"}],"wp:attachment":[{"href":"https:\/\/atep-france.fr\/fr\/wp-json\/wp\/v2\/media?parent=870"}],"curies":[{"name":"wp","href":"https:\/\/api.w.org\/{rel}","templated":true}]}}