{"id":890,"date":"2022-11-15T16:26:24","date_gmt":"2022-11-15T15:26:24","guid":{"rendered":"https:\/\/atep-france.fr\/fr\/?page_id=890"},"modified":"2022-11-15T16:34:46","modified_gmt":"2022-11-15T15:34:46","slug":"microstation-a-culture-libre","status":"publish","type":"page","link":"https:\/\/atep-france.fr\/fr\/assainissement-non-collectif-et-separation-a-la-source\/presentation-des-differentes-solutions\/microstation-a-culture-libre\/","title":{"rendered":"La microstation \u00e0 culture libre"},"content":{"rendered":"<p style=\"text-align: justify;\">La microstation \u00e0 culture libre permet d\u2019assurer le traitement des eaux us\u00e9es domestiques selon le principe de la d\u00e9gradation a\u00e9robie (avec oxyg\u00e8ne) de la pollution par des microorganismes (bact\u00e9ries) en culture libre.<\/p>\n<p style=\"text-align: justify;\">La microstation \u00e0 culture libre fonctionne gr\u00e2ce \u00e0 une oxyg\u00e9nation forc\u00e9e qui permet un fort d\u00e9veloppement de bact\u00e9ries a\u00e9robies (ou biomasse) qui d\u00e9gradent les mati\u00e8res polluantes.<\/p>\n<p style=\"text-align: justify;\">Un syst\u00e8me d\u2019a\u00e9ration (surpresseur, compresseur, turbine, etc.) permet l&rsquo;oxyg\u00e9nation et la mise en suspension de la biomasse dans les eaux \u00e0 traiter.<\/p>\n<p><a href=\"https:\/\/atep-france.fr\/fr\/wp-content\/uploads\/2022\/11\/Micro_CL_ATEP_ANC.jpg\" target=\"_blank\" rel=\"La culture libre microstation noopener \u00e0\"><img loading=\"lazy\" decoding=\"async\" class=\"aligncenter wp-image-891 size-large\" title=\"La microstation \u00e0 culture libre\" src=\"https:\/\/atep-france.fr\/fr\/wp-content\/uploads\/2022\/11\/Micro_CL_ATEP_ANC-1024x942.jpg\" alt=\"La microstation \u00e0 culture libre\" width=\"1024\" height=\"942\" srcset=\"https:\/\/atep-france.fr\/fr\/wp-content\/uploads\/2022\/11\/Micro_CL_ATEP_ANC-1024x942.jpg 1024w, https:\/\/atep-france.fr\/fr\/wp-content\/uploads\/2022\/11\/Micro_CL_ATEP_ANC-300x276.jpg 300w, https:\/\/atep-france.fr\/fr\/wp-content\/uploads\/2022\/11\/Micro_CL_ATEP_ANC-768x707.jpg 768w, https:\/\/atep-france.fr\/fr\/wp-content\/uploads\/2022\/11\/Micro_CL_ATEP_ANC-1536x1414.jpg 1536w, https:\/\/atep-france.fr\/fr\/wp-content\/uploads\/2022\/11\/Micro_CL_ATEP_ANC-2048x1885.jpg 2048w, https:\/\/atep-france.fr\/fr\/wp-content\/uploads\/2022\/11\/Micro_CL_ATEP_ANC-1174x1080.jpg 1174w\" sizes=\"auto, (max-width: 1024px) 100vw, 1024px\" \/><\/a><\/p>\n","protected":false},"excerpt":{"rendered":"<p>La microstation \u00e0 culture libre permet d\u2019assurer le traitement des eaux us\u00e9es domestiques selon le principe de la d\u00e9gradation a\u00e9robie (avec oxyg\u00e8ne) de la pollution par des microorganismes (bact\u00e9ries) en culture libre. La microstation \u00e0 culture libre fonctionne gr\u00e2ce \u00e0 une oxyg\u00e9nation forc\u00e9e qui permet un fort d\u00e9veloppement de bact\u00e9ries a\u00e9robies (ou biomasse) qui d\u00e9gradent&hellip; <br \/> <a class=\"read-more\" href=\"https:\/\/atep-france.fr\/fr\/assainissement-non-collectif-et-separation-a-la-source\/presentation-des-differentes-solutions\/microstation-a-culture-libre\/\">Lire la suite<\/a><\/p>\n","protected":false},"author":1,"featured_media":0,"parent":414,"menu_order":7,"comment_status":"closed","ping_status":"closed","template":"page-templates\/page-with-right-sidebar.php","meta":{"footnotes":""},"class_list":["post-890","page","type-page","status-publish","hentry"],"jetpack_sharing_enabled":true,"_links":{"self":[{"href":"https:\/\/atep-france.fr\/fr\/wp-json\/wp\/v2\/pages\/890","targetHints":{"allow":["GET"]}}],"collection":[{"href":"https:\/\/atep-france.fr\/fr\/wp-json\/wp\/v2\/pages"}],"about":[{"href":"https:\/\/atep-france.fr\/fr\/wp-json\/wp\/v2\/types\/page"}],"author":[{"embeddable":true,"href":"https:\/\/atep-france.fr\/fr\/wp-json\/wp\/v2\/users\/1"}],"replies":[{"embeddable":true,"href":"https:\/\/atep-france.fr\/fr\/wp-json\/wp\/v2\/comments?post=890"}],"version-history":[{"count":1,"href":"https:\/\/atep-france.fr\/fr\/wp-json\/wp\/v2\/pages\/890\/revisions"}],"predecessor-version":[{"id":892,"href":"https:\/\/atep-france.fr\/fr\/wp-json\/wp\/v2\/pages\/890\/revisions\/892"}],"up":[{"embeddable":true,"href":"https:\/\/atep-france.fr\/fr\/wp-json\/wp\/v2\/pages\/414"}],"wp:attachment":[{"href":"https:\/\/atep-france.fr\/fr\/wp-json\/wp\/v2\/media?parent=890"}],"curies":[{"name":"wp","href":"https:\/\/api.w.org\/{rel}","templated":true}]}}