{"id":895,"date":"2022-11-15T16:28:42","date_gmt":"2022-11-15T15:28:42","guid":{"rendered":"https:\/\/atep-france.fr\/fr\/?page_id=895"},"modified":"2022-11-15T16:33:01","modified_gmt":"2022-11-15T15:33:01","slug":"massifs-filtrants-plantes","status":"publish","type":"page","link":"https:\/\/atep-france.fr\/fr\/assainissement-non-collectif-et-separation-a-la-source\/presentation-des-differentes-solutions\/massifs-filtrants-plantes\/","title":{"rendered":"Les massifs filtrants plant\u00e9s"},"content":{"rendered":"<p style=\"text-align: justify;\">Les massifs filtrants plant\u00e9s permettent d\u2019assurer le traitement des eaux us\u00e9es domestiques selon le principe de la culture fix\u00e9e sur des supports filtrants.<\/p>\n<p style=\"text-align: justify;\">Les massifs filtrants plant\u00e9s sont constitu\u00e9s d\u2019un ou de plusieurs \u00e9tages contenant un massif filtrant sur lequel des v\u00e9g\u00e9taux sont plant\u00e9s.<\/p>\n<p style=\"text-align: justify;\">Le r\u00f4le de ce massif filtrant est pr\u00e9pond\u00e9rant dans l\u2019\u00e9puration et permet le d\u00e9veloppement du v\u00e9g\u00e9tal.<\/p>\n<p style=\"text-align: justify;\">Le v\u00e9g\u00e9tal n\u2019a pas de r\u00f4le \u00e9purateur en tant que tel mais permet la bonne a\u00e9ration du massif filtrant et a un pouvoir d\u00e9colmatant.<\/p>\n<p><a href=\"https:\/\/atep-france.fr\/fr\/wp-content\/uploads\/2022\/11\/MassifFilt_Plan_ATEP_ANC.jpg\" target=\"_blank\" rel=\"Les filtrants massifs noopener plant\u00e9s\"><img loading=\"lazy\" decoding=\"async\" class=\"aligncenter wp-image-896 size-large\" title=\"Les massifs filtrants plant\u00e9s\" src=\"https:\/\/atep-france.fr\/fr\/wp-content\/uploads\/2022\/11\/MassifFilt_Plan_ATEP_ANC-1024x952.jpg\" alt=\"Les massifs filtrants plant\u00e9s\" width=\"1024\" height=\"952\" srcset=\"https:\/\/atep-france.fr\/fr\/wp-content\/uploads\/2022\/11\/MassifFilt_Plan_ATEP_ANC-1024x952.jpg 1024w, https:\/\/atep-france.fr\/fr\/wp-content\/uploads\/2022\/11\/MassifFilt_Plan_ATEP_ANC-300x279.jpg 300w, https:\/\/atep-france.fr\/fr\/wp-content\/uploads\/2022\/11\/MassifFilt_Plan_ATEP_ANC-768x714.jpg 768w, https:\/\/atep-france.fr\/fr\/wp-content\/uploads\/2022\/11\/MassifFilt_Plan_ATEP_ANC-1536x1428.jpg 1536w, https:\/\/atep-france.fr\/fr\/wp-content\/uploads\/2022\/11\/MassifFilt_Plan_ATEP_ANC-2048x1905.jpg 2048w, https:\/\/atep-france.fr\/fr\/wp-content\/uploads\/2022\/11\/MassifFilt_Plan_ATEP_ANC-1161x1080.jpg 1161w\" sizes=\"auto, (max-width: 1024px) 100vw, 1024px\" \/><\/a><\/p>\n","protected":false},"excerpt":{"rendered":"<p>Les massifs filtrants plant\u00e9s permettent d\u2019assurer le traitement des eaux us\u00e9es domestiques selon le principe de la culture fix\u00e9e sur des supports filtrants. Les massifs filtrants plant\u00e9s sont constitu\u00e9s d\u2019un ou de plusieurs \u00e9tages contenant un massif filtrant sur lequel des v\u00e9g\u00e9taux sont plant\u00e9s. Le r\u00f4le de ce massif filtrant est pr\u00e9pond\u00e9rant dans l\u2019\u00e9puration et&hellip; <br \/> <a class=\"read-more\" href=\"https:\/\/atep-france.fr\/fr\/assainissement-non-collectif-et-separation-a-la-source\/presentation-des-differentes-solutions\/massifs-filtrants-plantes\/\">Lire la suite<\/a><\/p>\n","protected":false},"author":1,"featured_media":0,"parent":414,"menu_order":8,"comment_status":"closed","ping_status":"closed","template":"page-templates\/page-with-right-sidebar.php","meta":{"footnotes":""},"class_list":["post-895","page","type-page","status-publish","hentry"],"jetpack_sharing_enabled":true,"_links":{"self":[{"href":"https:\/\/atep-france.fr\/fr\/wp-json\/wp\/v2\/pages\/895","targetHints":{"allow":["GET"]}}],"collection":[{"href":"https:\/\/atep-france.fr\/fr\/wp-json\/wp\/v2\/pages"}],"about":[{"href":"https:\/\/atep-france.fr\/fr\/wp-json\/wp\/v2\/types\/page"}],"author":[{"embeddable":true,"href":"https:\/\/atep-france.fr\/fr\/wp-json\/wp\/v2\/users\/1"}],"replies":[{"embeddable":true,"href":"https:\/\/atep-france.fr\/fr\/wp-json\/wp\/v2\/comments?post=895"}],"version-history":[{"count":1,"href":"https:\/\/atep-france.fr\/fr\/wp-json\/wp\/v2\/pages\/895\/revisions"}],"predecessor-version":[{"id":897,"href":"https:\/\/atep-france.fr\/fr\/wp-json\/wp\/v2\/pages\/895\/revisions\/897"}],"up":[{"embeddable":true,"href":"https:\/\/atep-france.fr\/fr\/wp-json\/wp\/v2\/pages\/414"}],"wp:attachment":[{"href":"https:\/\/atep-france.fr\/fr\/wp-json\/wp\/v2\/media?parent=895"}],"curies":[{"name":"wp","href":"https:\/\/api.w.org\/{rel}","templated":true}]}}