{"id":915,"date":"2022-11-16T17:42:18","date_gmt":"2022-11-16T16:42:18","guid":{"rendered":"https:\/\/atep-france.fr\/fr\/?page_id=915"},"modified":"2022-11-16T17:42:40","modified_gmt":"2022-11-16T16:42:40","slug":"noue","status":"publish","type":"page","link":"https:\/\/atep-france.fr\/fr\/gestion-des-eaux-pluviales-eaux-de-pluie\/presentation-des-differentes-solutions\/noue\/","title":{"rendered":"La noue"},"content":{"rendered":"<p style=\"text-align: justify;\">Cette solution bas\u00e9e sur la nature permet \u00e0 moindre co\u00fbt de stocker les eaux de pluie afin de les infiltrer.<\/p>\n<p style=\"text-align: justify;\">Cette solution permet une protection de la biodiversit\u00e9 et cr\u00e9\u00e9e un \u00eelot de fra\u00eecheur.<\/p>\n<p><a href=\"https:\/\/atep-france.fr\/fr\/wp-content\/uploads\/2022\/11\/Noue_ATEP-scaled.jpg\" target=\"_blank\" rel=\"La noopener noue\"><img loading=\"lazy\" decoding=\"async\" class=\"aligncenter wp-image-916 size-large\" title=\"La noue\" src=\"https:\/\/atep-france.fr\/fr\/wp-content\/uploads\/2022\/11\/Noue_ATEP-1024x848.jpg\" alt=\"La noue\" width=\"1024\" height=\"848\" srcset=\"https:\/\/atep-france.fr\/fr\/wp-content\/uploads\/2022\/11\/Noue_ATEP-1024x848.jpg 1024w, https:\/\/atep-france.fr\/fr\/wp-content\/uploads\/2022\/11\/Noue_ATEP-300x248.jpg 300w, https:\/\/atep-france.fr\/fr\/wp-content\/uploads\/2022\/11\/Noue_ATEP-768x636.jpg 768w, https:\/\/atep-france.fr\/fr\/wp-content\/uploads\/2022\/11\/Noue_ATEP-1536x1272.jpg 1536w, https:\/\/atep-france.fr\/fr\/wp-content\/uploads\/2022\/11\/Noue_ATEP-2048x1696.jpg 2048w, https:\/\/atep-france.fr\/fr\/wp-content\/uploads\/2022\/11\/Noue_ATEP-1304x1080.jpg 1304w\" sizes=\"auto, (max-width: 1024px) 100vw, 1024px\" \/><\/a><\/p>\n","protected":false},"excerpt":{"rendered":"<p>Cette solution bas\u00e9e sur la nature permet \u00e0 moindre co\u00fbt de stocker les eaux de pluie afin de les infiltrer. Cette solution permet une protection de la biodiversit\u00e9 et cr\u00e9\u00e9e un \u00eelot de fra\u00eecheur.<\/p>\n","protected":false},"author":1,"featured_media":0,"parent":425,"menu_order":3,"comment_status":"closed","ping_status":"closed","template":"page-templates\/page-with-right-sidebar.php","meta":{"footnotes":""},"class_list":["post-915","page","type-page","status-publish","hentry"],"jetpack_sharing_enabled":true,"_links":{"self":[{"href":"https:\/\/atep-france.fr\/fr\/wp-json\/wp\/v2\/pages\/915","targetHints":{"allow":["GET"]}}],"collection":[{"href":"https:\/\/atep-france.fr\/fr\/wp-json\/wp\/v2\/pages"}],"about":[{"href":"https:\/\/atep-france.fr\/fr\/wp-json\/wp\/v2\/types\/page"}],"author":[{"embeddable":true,"href":"https:\/\/atep-france.fr\/fr\/wp-json\/wp\/v2\/users\/1"}],"replies":[{"embeddable":true,"href":"https:\/\/atep-france.fr\/fr\/wp-json\/wp\/v2\/comments?post=915"}],"version-history":[{"count":1,"href":"https:\/\/atep-france.fr\/fr\/wp-json\/wp\/v2\/pages\/915\/revisions"}],"predecessor-version":[{"id":917,"href":"https:\/\/atep-france.fr\/fr\/wp-json\/wp\/v2\/pages\/915\/revisions\/917"}],"up":[{"embeddable":true,"href":"https:\/\/atep-france.fr\/fr\/wp-json\/wp\/v2\/pages\/425"}],"wp:attachment":[{"href":"https:\/\/atep-france.fr\/fr\/wp-json\/wp\/v2\/media?parent=915"}],"curies":[{"name":"wp","href":"https:\/\/api.w.org\/{rel}","templated":true}]}}