{"id":951,"date":"2022-11-16T18:04:38","date_gmt":"2022-11-16T17:04:38","guid":{"rendered":"https:\/\/atep-france.fr\/fr\/?page_id=951"},"modified":"2022-11-16T18:04:38","modified_gmt":"2022-11-16T17:04:38","slug":"cuve-double-fonction","status":"publish","type":"page","link":"https:\/\/atep-france.fr\/fr\/gestion-des-eaux-pluviales-eaux-de-pluie\/presentation-des-differentes-solutions\/cuve-double-fonction\/","title":{"rendered":"La cuve double-fonction"},"content":{"rendered":"<p style=\"text-align: justify;\">Ces cuves combinent les \u00e9quipements d\u2019une cuve de r\u00e9cup\u00e9ration et d\u2019une cuve de r\u00e9tention.<\/p>\n<p style=\"text-align: justify;\">Les eaux stock\u00e9es en partie basse sont destin\u00e9es \u00e0 \u00eatre valoris\u00e9es.<\/p>\n<p style=\"text-align: justify;\">Les eaux de pluies situ\u00e9es en partie hautes sont tamponn\u00e9es durant l\u2019orage avant d\u2019\u00eatre vidang\u00e9es \u00e0 d\u00e9bit limit\u00e9.<\/p>\n<p><a href=\"https:\/\/atep-france.fr\/fr\/wp-content\/uploads\/2022\/11\/CuveDF_ATEP-scaled.jpg\" target=\"_blank\" rel=\"La cuve double-fonction noopener\"><img loading=\"lazy\" decoding=\"async\" class=\"aligncenter wp-image-952 size-large\" title=\"La cuve double-fonction\" src=\"https:\/\/atep-france.fr\/fr\/wp-content\/uploads\/2022\/11\/CuveDF_ATEP-1024x856.jpg\" alt=\"La cuve double-fonction\" width=\"1024\" height=\"856\" srcset=\"https:\/\/atep-france.fr\/fr\/wp-content\/uploads\/2022\/11\/CuveDF_ATEP-1024x856.jpg 1024w, https:\/\/atep-france.fr\/fr\/wp-content\/uploads\/2022\/11\/CuveDF_ATEP-300x251.jpg 300w, https:\/\/atep-france.fr\/fr\/wp-content\/uploads\/2022\/11\/CuveDF_ATEP-768x642.jpg 768w, https:\/\/atep-france.fr\/fr\/wp-content\/uploads\/2022\/11\/CuveDF_ATEP-1536x1283.jpg 1536w, https:\/\/atep-france.fr\/fr\/wp-content\/uploads\/2022\/11\/CuveDF_ATEP-2048x1711.jpg 2048w, https:\/\/atep-france.fr\/fr\/wp-content\/uploads\/2022\/11\/CuveDF_ATEP-1293x1080.jpg 1293w\" sizes=\"auto, (max-width: 1024px) 100vw, 1024px\" \/><\/a><\/p>\n","protected":false},"excerpt":{"rendered":"<p>Ces cuves combinent les \u00e9quipements d\u2019une cuve de r\u00e9cup\u00e9ration et d\u2019une cuve de r\u00e9tention. Les eaux stock\u00e9es en partie basse sont destin\u00e9es \u00e0 \u00eatre valoris\u00e9es. Les eaux de pluies situ\u00e9es en partie hautes sont tamponn\u00e9es durant l\u2019orage avant d\u2019\u00eatre vidang\u00e9es \u00e0 d\u00e9bit limit\u00e9.<\/p>\n","protected":false},"author":1,"featured_media":0,"parent":425,"menu_order":0,"comment_status":"closed","ping_status":"closed","template":"page-templates\/page-with-right-sidebar.php","meta":{"footnotes":""},"class_list":["post-951","page","type-page","status-publish","hentry"],"jetpack_sharing_enabled":true,"_links":{"self":[{"href":"https:\/\/atep-france.fr\/fr\/wp-json\/wp\/v2\/pages\/951","targetHints":{"allow":["GET"]}}],"collection":[{"href":"https:\/\/atep-france.fr\/fr\/wp-json\/wp\/v2\/pages"}],"about":[{"href":"https:\/\/atep-france.fr\/fr\/wp-json\/wp\/v2\/types\/page"}],"author":[{"embeddable":true,"href":"https:\/\/atep-france.fr\/fr\/wp-json\/wp\/v2\/users\/1"}],"replies":[{"embeddable":true,"href":"https:\/\/atep-france.fr\/fr\/wp-json\/wp\/v2\/comments?post=951"}],"version-history":[{"count":1,"href":"https:\/\/atep-france.fr\/fr\/wp-json\/wp\/v2\/pages\/951\/revisions"}],"predecessor-version":[{"id":953,"href":"https:\/\/atep-france.fr\/fr\/wp-json\/wp\/v2\/pages\/951\/revisions\/953"}],"up":[{"embeddable":true,"href":"https:\/\/atep-france.fr\/fr\/wp-json\/wp\/v2\/pages\/425"}],"wp:attachment":[{"href":"https:\/\/atep-france.fr\/fr\/wp-json\/wp\/v2\/media?parent=951"}],"curies":[{"name":"wp","href":"https:\/\/api.w.org\/{rel}","templated":true}]}}